{"id":4186,"date":"2026-02-02T14:57:38","date_gmt":"2026-02-02T14:57:38","guid":{"rendered":"https:\/\/mmrconsultant.co.uk\/?page_id=4186"},"modified":"2026-02-02T15:00:36","modified_gmt":"2026-02-02T15:00:36","slug":"skatteradgivning-marbella","status":"publish","type":"page","link":"https:\/\/mmrconsultant.co.uk\/sv\/skatteradgivning-marbella\/","title":{"rendered":"Tax services Marbella"},"content":{"rendered":"<div data-elementor-type=\"wp-page\" data-elementor-id=\"4186\" class=\"elementor elementor-4186\" data-elementor-post-type=\"page\">\n\t\t\t\t\t\t<section class=\"elementor-section elementor-top-section elementor-element elementor-element-10edb8d9 elementor-section-height-min-height elementor-section-full_width elementor-section-height-default elementor-section-items-middle\" data-id=\"10edb8d9\" data-element_type=\"section\" data-settings=\"{&quot;background_background&quot;:&quot;classic&quot;}\">\n\t\t\t\t\t\t<div class=\"elementor-container elementor-column-gap-default\">\n\t\t\t\t\t<div class=\"elementor-column elementor-col-100 elementor-top-column elementor-element elementor-element-b92d07b\" data-id=\"b92d07b\" data-element_type=\"column\">\n\t\t\t<div class=\"elementor-widget-wrap elementor-element-populated\">\n\t\t\t\t\t\t<div class=\"elementor-element elementor-element-afee69a elementor-widget-mobile__width-initial elementor-widget elementor-widget-heading\" data-id=\"afee69a\" data-element_type=\"widget\" data-widget_type=\"heading.default\">\n\t\t\t\t<div class=\"elementor-widget-container\">\n\t\t\t\t\t<h1 class=\"elementor-heading-title elementor-size-default\">Professionell skatter\u00e5dgivning i Marbella<\/h1>\t\t\t\t<\/div>\n\t\t\t\t<\/div>\n\t\t\t\t\t<\/div>\n\t\t<\/div>\n\t\t\t\t\t<\/div>\n\t\t<\/section>\n\t\t\t\t<section class=\"elementor-section elementor-top-section elementor-element elementor-element-d5f2feb elementor-section-boxed elementor-section-height-default elementor-section-height-default\" data-id=\"d5f2feb\" data-element_type=\"section\" data-settings=\"{&quot;background_background&quot;:&quot;classic&quot;}\">\n\t\t\t\t\t\t<div class=\"elementor-container elementor-column-gap-default\">\n\t\t\t\t\t<div class=\"elementor-column elementor-col-50 elementor-top-column elementor-element elementor-element-defe9e5\" data-id=\"defe9e5\" data-element_type=\"column\">\n\t\t\t<div class=\"elementor-widget-wrap elementor-element-populated\">\n\t\t\t\t\t\t<div class=\"elementor-element elementor-element-70027b9c elementor-hidden-tablet elementor-hidden-mobile elementor-widget elementor-widget-text-editor\" data-id=\"70027b9c\" data-element_type=\"widget\" data-widget_type=\"text-editor.default\">\n\t\t\t\t<div class=\"elementor-widget-container\">\n\t\t\t\t\t\t\t\t\t<p>MMR Consultant<\/p>\t\t\t\t\t\t\t\t<\/div>\n\t\t\t\t<\/div>\n\t\t\t\t<div class=\"elementor-element elementor-element-1ac0c74e elementor-widget__width-initial elementor-widget elementor-widget-heading\" data-id=\"1ac0c74e\" data-element_type=\"widget\" data-widget_type=\"heading.default\">\n\t\t\t\t<div class=\"elementor-widget-container\">\n\t\t\t\t\t<h3 class=\"elementor-heading-title elementor-size-default\">Skatter\u00e5dgivning<\/h3>\t\t\t\t<\/div>\n\t\t\t\t<\/div>\n\t\t\t\t<div class=\"elementor-element elementor-element-7b343611 elementor-widget-divider--view-line elementor-widget elementor-widget-divider\" data-id=\"7b343611\" data-element_type=\"widget\" data-widget_type=\"divider.default\">\n\t\t\t\t<div class=\"elementor-widget-container\">\n\t\t\t\t\t\t\t<div class=\"elementor-divider\">\n\t\t\t<span class=\"elementor-divider-separator\">\n\t\t\t\t\t\t<\/span>\n\t\t<\/div>\n\t\t\t\t\t\t<\/div>\n\t\t\t\t<\/div>\n\t\t\t\t\t<\/div>\n\t\t<\/div>\n\t\t\t\t<div class=\"elementor-column elementor-col-50 elementor-top-column elementor-element elementor-element-5d77e34\" data-id=\"5d77e34\" data-element_type=\"column\">\n\t\t\t<div class=\"elementor-widget-wrap elementor-element-populated\">\n\t\t\t\t\t\t<div class=\"elementor-element elementor-element-391875f elementor-widget__width-initial elementor-widget elementor-widget-text-editor\" data-id=\"391875f\" data-element_type=\"widget\" data-widget_type=\"text-editor.default\">\n\t\t\t\t<div class=\"elementor-widget-container\">\n\t\t\t\t\t\t\t\t\t<p>Letar du efter p\u00e5litlig skatter\u00e5dgivning i Marbella? Oavsett om du \u00e4r privatperson eller f\u00f6retagare, bosatt i Spanien eller ej, erbjuder MMR Consultant helt\u00e4ckande och strategiska skattetj\u00e4nster anpassade efter just din situation. Med kontor i Marbella, hj\u00e4lper vi b\u00e5de lokala och internationella kunder att planera, optimera och f\u00f6lja g\u00e4llande skattelagstiftning.<\/p><p>Kontakta oss idag f\u00f6r att f\u00e5 skr\u00e4ddarsydda l\u00f6sningar som ger dig b\u00e4ttre kontroll och l\u00e4gre skatt.<\/p>\t\t\t\t\t\t\t\t<\/div>\n\t\t\t\t<\/div>\n\t\t\t\t\t<\/div>\n\t\t<\/div>\n\t\t\t\t\t<\/div>\n\t\t<\/section>\n\t\t\t\t<section class=\"elementor-section elementor-top-section elementor-element elementor-element-55fe395 elementor-section-boxed elementor-section-height-default elementor-section-height-default\" data-id=\"55fe395\" data-element_type=\"section\" data-settings=\"{&quot;background_background&quot;:&quot;classic&quot;}\">\n\t\t\t\t\t\t<div class=\"elementor-container elementor-column-gap-default\">\n\t\t\t\t\t<div class=\"elementor-column elementor-col-50 elementor-top-column elementor-element elementor-element-33e4b3c\" data-id=\"33e4b3c\" data-element_type=\"column\">\n\t\t\t<div class=\"elementor-widget-wrap elementor-element-populated\">\n\t\t\t\t\t\t<div class=\"elementor-element elementor-element-cd997b2 elementor-widget__width-initial elementor-widget elementor-widget-image\" data-id=\"cd997b2\" data-element_type=\"widget\" data-widget_type=\"image.default\">\n\t\t\t\t<div class=\"elementor-widget-container\">\n\t\t\t\t\t\t\t\t\t\t\t\t\t\t\t<img fetchpriority=\"high\" decoding=\"async\" width=\"768\" height=\"555\" src=\"https:\/\/mmrconsultant.co.uk\/wp-content\/uploads\/2025\/11\/image22-768x555.webp\" class=\"attachment-medium_large size-medium_large wp-image-4016\" alt=\"\" srcset=\"https:\/\/mmrconsultant.co.uk\/wp-content\/uploads\/2025\/11\/image22-768x555.webp 768w, https:\/\/mmrconsultant.co.uk\/wp-content\/uploads\/2025\/11\/image22-300x217.webp 300w, https:\/\/mmrconsultant.co.uk\/wp-content\/uploads\/2025\/11\/image22-1024x740.webp 1024w, https:\/\/mmrconsultant.co.uk\/wp-content\/uploads\/2025\/11\/image22-18x12.webp 18w, https:\/\/mmrconsultant.co.uk\/wp-content\/uploads\/2025\/11\/image22.webp 1475w\" sizes=\"(max-width: 768px) 100vw, 768px\" \/>\t\t\t\t\t\t\t\t\t\t\t\t\t\t\t<\/div>\n\t\t\t\t<\/div>\n\t\t\t\t\t<\/div>\n\t\t<\/div>\n\t\t\t\t<div class=\"elementor-column elementor-col-50 elementor-top-column elementor-element elementor-element-525ed5e\" data-id=\"525ed5e\" data-element_type=\"column\">\n\t\t\t<div class=\"elementor-widget-wrap elementor-element-populated\">\n\t\t\t\t\t\t<div class=\"elementor-element elementor-element-6f40d41 elementor-widget elementor-widget-heading\" data-id=\"6f40d41\" data-element_type=\"widget\" data-widget_type=\"heading.default\">\n\t\t\t\t<div class=\"elementor-widget-container\">\n\t\t\t\t\t<h2 class=\"elementor-heading-title elementor-size-default\">Anpassade skattetj\u00e4nster med fokus p\u00e5 helhet och strategi i Marbella\n<\/h2>\t\t\t\t<\/div>\n\t\t\t\t<\/div>\n\t\t\t\t<div class=\"elementor-element elementor-element-44be6fb elementor-widget__width-initial elementor-widget elementor-widget-text-editor\" data-id=\"44be6fb\" data-element_type=\"widget\" data-widget_type=\"text-editor.default\">\n\t\t\t\t<div class=\"elementor-widget-container\">\n\t\t\t\t\t\t\t\t\t<p><span style=\"font-weight: 400;\">V\u00e5rt m\u00e5l \u00e4r att du ska kunna dra full nytta av b\u00e5de nationell och internationell skattelagstiftning. Med h\u00f6g teknisk kompetens och personlig service erbjuder vi avancerade skattetj\u00e4nster i Marbella, anpassade till b\u00e5de individer och f\u00f6retag.<\/span><\/p><p><span style=\"font-weight: 400;\">Vi hanterar bland annat:<\/span><\/p><ul><li style=\"font-weight: 400;\" aria-level=\"1\"><b>Inkomstskatt (f\u00f6r boende och icke-boende):<\/b><span style=\"font-weight: 400;\">Planering och analys av skattep\u00e5verkan f\u00f6r b\u00e5de privatpersoner och f\u00f6retag, inklusive genomg\u00e5ng av ekonomi och redovisning<\/span><\/li><li style=\"font-weight: 400;\" aria-level=\"1\"><b>Bolagsskatt<\/b><span style=\"font-weight: 400;\">: Effektiv skatteplanering med fokus p\u00e5 resultat, baserat p\u00e5 bokslut och redovisningsdata\u00a0<\/span><\/li><li style=\"font-weight: 400;\" aria-level=\"1\"><b>Moms (IVA)<\/b><span style=\"font-weight: 400;\">: R\u00e5dgivning f\u00f6r f\u00f6retag inom och utanf\u00f6r EU, inklusive specialregler och gr\u00e4ns\u00f6verskridande handel<\/span><\/li><li style=\"font-weight: 400;\" aria-level=\"1\"><b>Arv- och g\u00e5voskatt<\/b><span style=\"font-weight: 400;\">: Hj\u00e4lp vid succession och donationer, b\u00e5de f\u00f6r boende och icke-boende<\/span><\/li><li style=\"font-weight: 400;\" aria-level=\"1\"><b>St\u00e4mpelskatt och \u00f6verl\u00e5telseskatt<\/b><span style=\"font-weight: 400;\">: R\u00e5dgivning vid fastighetsk\u00f6p, f\u00f6retagsf\u00f6rv\u00e4rv och andra \u00f6verl\u00e5telser<\/span><\/li><li style=\"font-weight: 400;\" aria-level=\"1\"><b>Skattef\u00f6rfaranden<\/b><span style=\"font-weight: 400;\">: Juridiskt st\u00f6d vid revisioner, skattebesiktningar och administrativa \u00e4renden - \u00e4ven i domstol<\/span><\/li><\/ul>\t\t\t\t\t\t\t\t<\/div>\n\t\t\t\t<\/div>\n\t\t\t\t\t<\/div>\n\t\t<\/div>\n\t\t\t\t\t<\/div>\n\t\t<\/section>\n\t\t\t\t<section class=\"elementor-section elementor-top-section elementor-element elementor-element-bdda71f elementor-section-boxed elementor-section-height-default elementor-section-height-default\" data-id=\"bdda71f\" data-element_type=\"section\" data-settings=\"{&quot;background_background&quot;:&quot;classic&quot;}\">\n\t\t\t\t\t\t<div class=\"elementor-container elementor-column-gap-default\">\n\t\t\t\t\t<div class=\"elementor-column elementor-col-50 elementor-top-column elementor-element elementor-element-4c9bdad\" data-id=\"4c9bdad\" data-element_type=\"column\">\n\t\t\t<div class=\"elementor-widget-wrap elementor-element-populated\">\n\t\t\t\t\t\t<div class=\"elementor-element elementor-element-6de7168 elementor-widget elementor-widget-heading\" data-id=\"6de7168\" data-element_type=\"widget\" data-widget_type=\"heading.default\">\n\t\t\t\t<div class=\"elementor-widget-container\">\n\t\t\t\t\t<h2 class=\"elementor-heading-title elementor-size-default\">Din skatter\u00e5dgivare i Marbella - med internationell kompetens<\/h2>\t\t\t\t<\/div>\n\t\t\t\t<\/div>\n\t\t\t\t<div class=\"elementor-element elementor-element-7502aaa elementor-widget__width-initial elementor-widget elementor-widget-text-editor\" data-id=\"7502aaa\" data-element_type=\"widget\" data-widget_type=\"text-editor.default\">\n\t\t\t\t<div class=\"elementor-widget-container\">\n\t\t\t\t\t\t\t\t\t<p><span style=\"font-weight: 400;\">Som specialiserad skatter\u00e5dgivare i Marbella l\u00e4gger vi stort fokus p\u00e5 att hj\u00e4lpa utl\u00e4ndska investerare. Vi analyserar investeringens struktur, v\u00e4gleder i val av uppl\u00e4gg och ser till att alla juridiska och skattem\u00e4ssiga krav uppfylls.<\/span><\/p><p><strong>Vi erbjuder \u00e4ven avancerade tj\u00e4nster som:<\/strong><\/p><ul><li style=\"font-weight: 400;\" aria-level=\"1\"><b>Skatterevisioner<\/b><span style=\"font-weight: 400;\"> f\u00f6r f\u00f6retag, inklusive riskanalys och bed\u00f6mning av skattef\u00f6rpliktelser<\/span><\/li><li style=\"font-weight: 400;\" aria-level=\"1\"><b>Internationell skatteplanering<\/b><span style=\"font-weight: 400;\"> och strukturering f\u00f6r gr\u00e4ns\u00f6verskridande verksamhet<\/span><\/li><li style=\"font-weight: 400;\" aria-level=\"1\"><b>Skatterepresentation<\/b><span style=\"font-weight: 400;\"> f\u00f6r icke-bosatta personer och bolag inf\u00f6r spanska skattemyndigheten<\/span><\/li><li style=\"font-weight: 400;\" aria-level=\"1\"><b>Tolkning av skattelagstiftning,<\/b><span style=\"font-weight: 400;\">inklusive officiella f\u00f6rfr\u00e5gningar till skattemyndigheten och analys av r\u00e4ttspraxis<\/span><\/li><li style=\"font-weight: 400;\" aria-level=\"1\"><b>Bolagsbildning, fusioner och omstruktureringar<\/b><span style=\"font-weight: 400;\">med s\u00e4rskild skattejuridisk r\u00e5dgivning<\/span><\/li><li style=\"font-weight: 400;\" aria-level=\"1\"><b>\u00c5teraktivering av verksamhet<\/b><span style=\"font-weight: 400;\"><span style=\"font-weight: 400;\">inklusive bokf\u00f6ring och skatteuppfyllelse enligt myndighetskrav<\/span><\/span><\/li><\/ul><p><span style=\"font-weight: 400;\">Vi ger inte bara generella r\u00e5d - vi erbjuder l\u00f6pande, strategisk r\u00e5dgivning som g\u00f6r skillnad f\u00f6r din verksamhet eller privatekonomi.<\/span><\/p>\t\t\t\t\t\t\t\t<\/div>\n\t\t\t\t<\/div>\n\t\t\t\t\t<\/div>\n\t\t<\/div>\n\t\t\t\t<div class=\"elementor-column elementor-col-50 elementor-top-column elementor-element elementor-element-415b7bf\" data-id=\"415b7bf\" data-element_type=\"column\">\n\t\t\t<div class=\"elementor-widget-wrap elementor-element-populated\">\n\t\t\t\t\t\t<div class=\"elementor-element elementor-element-6405cb3 elementor-widget__width-initial elementor-widget elementor-widget-image\" data-id=\"6405cb3\" data-element_type=\"widget\" data-widget_type=\"image.default\">\n\t\t\t\t<div class=\"elementor-widget-container\">\n\t\t\t\t\t\t\t\t\t\t\t\t\t\t\t<img decoding=\"async\" width=\"768\" height=\"1152\" src=\"https:\/\/mmrconsultant.co.uk\/wp-content\/uploads\/2025\/10\/workplace-2025-04-01-20-49-47-utc-768x1152.jpg\" class=\"attachment-medium_large size-medium_large wp-image-3536\" alt=\"\" srcset=\"https:\/\/mmrconsultant.co.uk\/wp-content\/uploads\/2025\/10\/workplace-2025-04-01-20-49-47-utc-768x1152.jpg 768w, https:\/\/mmrconsultant.co.uk\/wp-content\/uploads\/2025\/10\/workplace-2025-04-01-20-49-47-utc-200x300.jpg 200w, https:\/\/mmrconsultant.co.uk\/wp-content\/uploads\/2025\/10\/workplace-2025-04-01-20-49-47-utc-683x1024.jpg 683w, https:\/\/mmrconsultant.co.uk\/wp-content\/uploads\/2025\/10\/workplace-2025-04-01-20-49-47-utc-1024x1536.jpg 1024w, https:\/\/mmrconsultant.co.uk\/wp-content\/uploads\/2025\/10\/workplace-2025-04-01-20-49-47-utc-1365x2048.jpg 1365w, https:\/\/mmrconsultant.co.uk\/wp-content\/uploads\/2025\/10\/workplace-2025-04-01-20-49-47-utc-8x12.jpg 8w, https:\/\/mmrconsultant.co.uk\/wp-content\/uploads\/2025\/10\/workplace-2025-04-01-20-49-47-utc-scaled.jpg 1707w\" sizes=\"(max-width: 768px) 100vw, 768px\" \/>\t\t\t\t\t\t\t\t\t\t\t\t\t\t\t<\/div>\n\t\t\t\t<\/div>\n\t\t\t\t\t<\/div>\n\t\t<\/div>\n\t\t\t\t\t<\/div>\n\t\t<\/section>\n\t\t\t\t<section class=\"elementor-section elementor-top-section elementor-element elementor-element-2bb080d elementor-section-content-middle elementor-section-boxed elementor-section-height-default elementor-section-height-default\" data-id=\"2bb080d\" data-element_type=\"section\" data-settings=\"{&quot;background_background&quot;:&quot;classic&quot;}\">\n\t\t\t\t\t\t<div class=\"elementor-container elementor-column-gap-default\">\n\t\t\t\t\t<div class=\"elementor-column elementor-col-100 elementor-top-column elementor-element elementor-element-1a1dbb5\" data-id=\"1a1dbb5\" data-element_type=\"column\">\n\t\t\t<div class=\"elementor-widget-wrap elementor-element-populated\">\n\t\t\t\t\t\t<div class=\"elementor-element elementor-element-79a7f09 elementor-widget__width-initial elementor-widget elementor-widget-heading\" data-id=\"79a7f09\" data-element_type=\"widget\" data-widget_type=\"heading.default\">\n\t\t\t\t<div class=\"elementor-widget-container\">\n\t\t\t\t\t<h2 class=\"elementor-heading-title elementor-size-default\">Arbeta med en skatter\u00e5dgivare i Marbella du kan lita p\u00e5\n<\/h2>\t\t\t\t<\/div>\n\t\t\t\t<\/div>\n\t\t\t\t<div class=\"elementor-element elementor-element-f84a4d3 elementor-widget__width-initial elementor-widget elementor-widget-text-editor\" data-id=\"f84a4d3\" data-element_type=\"widget\" data-widget_type=\"text-editor.default\">\n\t\t\t\t<div class=\"elementor-widget-container\">\n\t\t\t\t\t\t\t\t\t<p><span style=\"font-weight: 400;\">V\u00e5rt skattejuridiska team kombinerar djup kunskap med praktisk r\u00e5dgivning och hj\u00e4lper dig att f\u00f6rst\u00e5 och utnyttja lagstiftningen till din f\u00f6rdel. MMR Consultant \u00e4r din trygga partner i Marbella, med l\u00f6sningar som h\u00e5ller juridiskt, skattem\u00e4ssigt och aff\u00e4rsm\u00e4ssigt. Kontakta oss idag och s\u00e4kra trygghet, struktur och skatteeffektivitet i Spanien.<\/span><\/p>\t\t\t\t\t\t\t\t<\/div>\n\t\t\t\t<\/div>\n\t\t\t\t\t<\/div>\n\t\t<\/div>\n\t\t\t\t\t<\/div>\n\t\t<\/section>\n\t\t\t\t<\/div>","protected":false},"excerpt":{"rendered":"<p>Expert tax advice in Marbella MMR Consultant Tax advice Are you looking for reliable tax advice in Marbella? Whether you are a private individual or a company, resident or non-resident, MMR Consultant provides comprehensive tax services tailored to your situation. With offices in Marbella, our specialised tax department supports both local and international clients with [&hellip;]<\/p>","protected":false},"author":1,"featured_media":0,"parent":0,"menu_order":0,"comment_status":"closed","ping_status":"closed","template":"","meta":{"footnotes":""},"class_list":["post-4186","page","type-page","status-publish","hentry"],"yoast_head":"<!-- This site is optimized with the Yoast SEO plugin v26.3 - https:\/\/yoast.com\/wordpress\/plugins\/seo\/ -->\n<title>Tax services in Marbella - Expert advice &amp; consultant<\/title>\n<meta name=\"description\" content=\"Looking for tax advice in Marbella? We offer tailored tax services for residents &amp; non-residents. Speak to a trusted tax consultant today!\" \/>\n<meta name=\"robots\" content=\"index, follow, max-snippet:-1, max-image-preview:large, max-video-preview:-1\" \/>\n<link rel=\"canonical\" href=\"https:\/\/mmrconsultant.co.uk\/sv\/skatteradgivning-marbella\/\" \/>\n<meta property=\"og:locale\" content=\"sv_SE\" \/>\n<meta property=\"og:type\" content=\"article\" \/>\n<meta property=\"og:title\" content=\"Tax services in Marbella - Expert advice &amp; consultant\" \/>\n<meta property=\"og:description\" content=\"Looking for tax advice in Marbella? We offer tailored tax services for residents &amp; non-residents. Speak to a trusted tax consultant today!\" \/>\n<meta property=\"og:url\" content=\"https:\/\/mmrconsultant.co.uk\/sv\/skatteradgivning-marbella\/\" \/>\n<meta property=\"og:site_name\" content=\"MMR Consultant\" \/>\n<meta property=\"article:modified_time\" content=\"2026-02-02T15:00:36+00:00\" \/>\n<meta property=\"og:image\" content=\"https:\/\/mmrconsultant.co.uk\/wp-content\/uploads\/2025\/11\/image22.webp\" \/>\n\t<meta property=\"og:image:width\" content=\"1475\" \/>\n\t<meta property=\"og:image:height\" content=\"1066\" \/>\n\t<meta property=\"og:image:type\" content=\"image\/webp\" \/>\n<meta name=\"twitter:card\" content=\"summary_large_image\" \/>\n<meta name=\"twitter:label1\" content=\"Ber\u00e4knad l\u00e4stid\" \/>\n\t<meta name=\"twitter:data1\" content=\"3 minuter\" \/>\n<script type=\"application\/ld+json\" class=\"yoast-schema-graph\">{\"@context\":\"https:\/\/schema.org\",\"@graph\":[{\"@type\":\"WebPage\",\"@id\":\"https:\/\/mmrconsultant.co.uk\/tax-services-marbella\/\",\"url\":\"https:\/\/mmrconsultant.co.uk\/tax-services-marbella\/\",\"name\":\"Tax services in Marbella - Expert advice & consultant\",\"isPartOf\":{\"@id\":\"https:\/\/mmrconsultant.co.uk\/#website\"},\"primaryImageOfPage\":{\"@id\":\"https:\/\/mmrconsultant.co.uk\/tax-services-marbella\/#primaryimage\"},\"image\":{\"@id\":\"https:\/\/mmrconsultant.co.uk\/tax-services-marbella\/#primaryimage\"},\"thumbnailUrl\":\"https:\/\/mmrconsultant.co.uk\/wp-content\/uploads\/2025\/11\/image22-768x555.webp\",\"datePublished\":\"2026-02-02T14:57:38+00:00\",\"dateModified\":\"2026-02-02T15:00:36+00:00\",\"description\":\"Looking for tax advice in Marbella? We offer tailored tax services for residents & non-residents. Speak to a trusted tax consultant today!\",\"breadcrumb\":{\"@id\":\"https:\/\/mmrconsultant.co.uk\/tax-services-marbella\/#breadcrumb\"},\"inLanguage\":\"sv-SE\",\"potentialAction\":[{\"@type\":\"ReadAction\",\"target\":[\"https:\/\/mmrconsultant.co.uk\/tax-services-marbella\/\"]}]},{\"@type\":\"ImageObject\",\"inLanguage\":\"sv-SE\",\"@id\":\"https:\/\/mmrconsultant.co.uk\/tax-services-marbella\/#primaryimage\",\"url\":\"https:\/\/mmrconsultant.co.uk\/wp-content\/uploads\/2025\/11\/image22-768x555.webp\",\"contentUrl\":\"https:\/\/mmrconsultant.co.uk\/wp-content\/uploads\/2025\/11\/image22-768x555.webp\"},{\"@type\":\"BreadcrumbList\",\"@id\":\"https:\/\/mmrconsultant.co.uk\/tax-services-marbella\/#breadcrumb\",\"itemListElement\":[{\"@type\":\"ListItem\",\"position\":1,\"name\":\"Home\",\"item\":\"https:\/\/mmrconsultant.co.uk\/\"},{\"@type\":\"ListItem\",\"position\":2,\"name\":\"Tax services Marbella\"}]},{\"@type\":\"WebSite\",\"@id\":\"https:\/\/mmrconsultant.co.uk\/#website\",\"url\":\"https:\/\/mmrconsultant.co.uk\/\",\"name\":\"MMR Consultant\",\"description\":\"Marbella Taxes and Law\",\"potentialAction\":[{\"@type\":\"SearchAction\",\"target\":{\"@type\":\"EntryPoint\",\"urlTemplate\":\"https:\/\/mmrconsultant.co.uk\/?s={search_term_string}\"},\"query-input\":{\"@type\":\"PropertyValueSpecification\",\"valueRequired\":true,\"valueName\":\"search_term_string\"}}],\"inLanguage\":\"sv-SE\"}]}<\/script>\n<!-- \/ Yoast SEO plugin. -->","yoast_head_json":{"title":"Skatter\u00e5dgivning i Marbella - Professionella skattetj\u00e4nster","description":"Beh\u00f6ver du skatter\u00e5dgivare i Marbella? Vi erbjuder skattetj\u00e4nster f\u00f6r b\u00e5de privatpersoner och f\u00f6retag. Kontakta oss f\u00f6r effektiv och s\u00e4ker r\u00e5dgivning!","robots":{"index":"index","follow":"follow","max-snippet":"max-snippet:-1","max-image-preview":"max-image-preview:large","max-video-preview":"max-video-preview:-1"},"canonical":"https:\/\/mmrconsultant.co.uk\/sv\/skatteradgivning-marbella\/","og_locale":"sv_SE","og_type":"article","og_title":"Tax services in Marbella - Expert advice & consultant","og_description":"Looking for tax advice in Marbella? We offer tailored tax services for residents & non-residents. Speak to a trusted tax consultant today!","og_url":"https:\/\/mmrconsultant.co.uk\/sv\/skatteradgivning-marbella\/","og_site_name":"MMR Consultant","article_modified_time":"2026-02-02T15:00:36+00:00","og_image":[{"width":1475,"height":1066,"url":"https:\/\/mmrconsultant.co.uk\/wp-content\/uploads\/2025\/11\/image22.webp","type":"image\/webp"}],"twitter_card":"summary_large_image","twitter_misc":{"Ber\u00e4knad l\u00e4stid":"3 minuter"},"schema":{"@context":"https:\/\/schema.org","@graph":[{"@type":"WebPage","@id":"https:\/\/mmrconsultant.co.uk\/tax-services-marbella\/","url":"https:\/\/mmrconsultant.co.uk\/tax-services-marbella\/","name":"Skatter\u00e5dgivning i Marbella - Professionella skattetj\u00e4nster","isPartOf":{"@id":"https:\/\/mmrconsultant.co.uk\/#website"},"primaryImageOfPage":{"@id":"https:\/\/mmrconsultant.co.uk\/tax-services-marbella\/#primaryimage"},"image":{"@id":"https:\/\/mmrconsultant.co.uk\/tax-services-marbella\/#primaryimage"},"thumbnailUrl":"https:\/\/mmrconsultant.co.uk\/wp-content\/uploads\/2025\/11\/image22-768x555.webp","datePublished":"2026-02-02T14:57:38+00:00","dateModified":"2026-02-02T15:00:36+00:00","description":"Beh\u00f6ver du skatter\u00e5dgivare i Marbella? Vi erbjuder skattetj\u00e4nster f\u00f6r b\u00e5de privatpersoner och f\u00f6retag. Kontakta oss f\u00f6r effektiv och s\u00e4ker r\u00e5dgivning!","breadcrumb":{"@id":"https:\/\/mmrconsultant.co.uk\/tax-services-marbella\/#breadcrumb"},"inLanguage":"sv-SE","potentialAction":[{"@type":"ReadAction","target":["https:\/\/mmrconsultant.co.uk\/tax-services-marbella\/"]}]},{"@type":"ImageObject","inLanguage":"sv-SE","@id":"https:\/\/mmrconsultant.co.uk\/tax-services-marbella\/#primaryimage","url":"https:\/\/mmrconsultant.co.uk\/wp-content\/uploads\/2025\/11\/image22-768x555.webp","contentUrl":"https:\/\/mmrconsultant.co.uk\/wp-content\/uploads\/2025\/11\/image22-768x555.webp"},{"@type":"BreadcrumbList","@id":"https:\/\/mmrconsultant.co.uk\/tax-services-marbella\/#breadcrumb","itemListElement":[{"@type":"ListItem","position":1,"name":"Home","item":"https:\/\/mmrconsultant.co.uk\/"},{"@type":"ListItem","position":2,"name":"Tax services Marbella"}]},{"@type":"WebSite","@id":"https:\/\/mmrconsultant.co.uk\/#website","url":"https:\/\/mmrconsultant.co.uk\/","name":"MMR Consultant","description":"Marbella - skatter &amp; lagstiftning","potentialAction":[{"@type":"SearchAction","target":{"@type":"EntryPoint","urlTemplate":"https:\/\/mmrconsultant.co.uk\/?s={search_term_string}"},"query-input":{"@type":"PropertyValueSpecification","valueRequired":true,"valueName":"search_term_string"}}],"inLanguage":"sv-SE"}]}},"_links":{"self":[{"href":"https:\/\/mmrconsultant.co.uk\/sv\/wp-json\/wp\/v2\/pages\/4186","targetHints":{"allow":["GET"]}}],"collection":[{"href":"https:\/\/mmrconsultant.co.uk\/sv\/wp-json\/wp\/v2\/pages"}],"about":[{"href":"https:\/\/mmrconsultant.co.uk\/sv\/wp-json\/wp\/v2\/types\/page"}],"author":[{"embeddable":true,"href":"https:\/\/mmrconsultant.co.uk\/sv\/wp-json\/wp\/v2\/users\/1"}],"replies":[{"embeddable":true,"href":"https:\/\/mmrconsultant.co.uk\/sv\/wp-json\/wp\/v2\/comments?post=4186"}],"version-history":[{"count":4,"href":"https:\/\/mmrconsultant.co.uk\/sv\/wp-json\/wp\/v2\/pages\/4186\/revisions"}],"predecessor-version":[{"id":4190,"href":"https:\/\/mmrconsultant.co.uk\/sv\/wp-json\/wp\/v2\/pages\/4186\/revisions\/4190"}],"wp:attachment":[{"href":"https:\/\/mmrconsultant.co.uk\/sv\/wp-json\/wp\/v2\/media?parent=4186"}],"curies":[{"name":"wp","href":"https:\/\/api.w.org\/{rel}","templated":true}]}}