{"id":3892,"date":"2025-10-14T17:18:05","date_gmt":"2025-10-14T17:18:05","guid":{"rendered":"https:\/\/mmrconsultant.co.uk\/?page_id=3892"},"modified":"2025-11-11T20:53:13","modified_gmt":"2025-11-11T20:53:13","slug":"professional-standards-mmr-consultant","status":"publish","type":"page","link":"https:\/\/mmrconsultant.co.uk\/sv\/professional-standards-mmr-consultant\/","title":{"rendered":"Professionella standarder"},"content":{"rendered":"<div data-elementor-type=\"wp-page\" data-elementor-id=\"3892\" class=\"elementor elementor-3892\" data-elementor-post-type=\"page\">\n\t\t\t\t\t\t<section class=\"elementor-section elementor-top-section elementor-element elementor-element-48a10912 elementor-section-height-min-height elementor-section-full_width elementor-section-height-default elementor-section-items-middle\" data-id=\"48a10912\" data-element_type=\"section\" data-settings=\"{&quot;background_background&quot;:&quot;classic&quot;}\">\n\t\t\t\t\t\t<div class=\"elementor-container elementor-column-gap-default\">\n\t\t\t\t\t<div class=\"elementor-column elementor-col-100 elementor-top-column elementor-element elementor-element-86a7320\" data-id=\"86a7320\" data-element_type=\"column\">\n\t\t\t<div class=\"elementor-widget-wrap elementor-element-populated\">\n\t\t\t\t\t\t<div class=\"elementor-element elementor-element-2f715de0 elementor-widget elementor-widget-heading\" data-id=\"2f715de0\" data-element_type=\"widget\" data-widget_type=\"heading.default\">\n\t\t\t\t<div class=\"elementor-widget-container\">\n\t\t\t\t\t<h1 class=\"elementor-heading-title elementor-size-default\">Professionella standarder <\/h1>\t\t\t\t<\/div>\n\t\t\t\t<\/div>\n\t\t\t\t\t<\/div>\n\t\t<\/div>\n\t\t\t\t\t<\/div>\n\t\t<\/section>\n\t\t\t\t<section class=\"elementor-section elementor-top-section elementor-element elementor-element-5903600f elementor-section-boxed elementor-section-height-default elementor-section-height-default\" data-id=\"5903600f\" data-element_type=\"section\" data-settings=\"{&quot;background_background&quot;:&quot;classic&quot;}\">\n\t\t\t\t\t\t<div class=\"elementor-container elementor-column-gap-default\">\n\t\t\t\t\t<div class=\"elementor-column elementor-col-50 elementor-top-column elementor-element elementor-element-c8b95dd\" data-id=\"c8b95dd\" data-element_type=\"column\">\n\t\t\t<div class=\"elementor-widget-wrap elementor-element-populated\">\n\t\t\t\t\t\t<div class=\"elementor-element elementor-element-3c34316b elementor-widget elementor-widget-text-editor\" data-id=\"3c34316b\" data-element_type=\"widget\" data-widget_type=\"text-editor.default\">\n\t\t\t\t<div class=\"elementor-widget-container\">\n\t\t\t\t\t\t\t\t\t<p>MMR Consultant<\/p>\t\t\t\t\t\t\t\t<\/div>\n\t\t\t\t<\/div>\n\t\t\t\t<div class=\"elementor-element elementor-element-12e9b5ee elementor-widget__width-initial elementor-widget elementor-widget-heading\" data-id=\"12e9b5ee\" data-element_type=\"widget\" data-widget_type=\"heading.default\">\n\t\t\t\t<div class=\"elementor-widget-container\">\n\t\t\t\t\t<h2 class=\"elementor-heading-title elementor-size-default\">Professionell och etisk standard<\/h2>\t\t\t\t<\/div>\n\t\t\t\t<\/div>\n\t\t\t\t<div class=\"elementor-element elementor-element-6892c1aa elementor-widget-divider--view-line elementor-widget elementor-widget-divider\" data-id=\"6892c1aa\" data-element_type=\"widget\" data-widget_type=\"divider.default\">\n\t\t\t\t<div class=\"elementor-widget-container\">\n\t\t\t\t\t\t\t<div class=\"elementor-divider\">\n\t\t\t<span class=\"elementor-divider-separator\">\n\t\t\t\t\t\t<\/span>\n\t\t<\/div>\n\t\t\t\t\t\t<\/div>\n\t\t\t\t<\/div>\n\t\t\t\t\t<\/div>\n\t\t<\/div>\n\t\t\t\t<div class=\"elementor-column elementor-col-50 elementor-top-column elementor-element elementor-element-149c21dd\" data-id=\"149c21dd\" data-element_type=\"column\">\n\t\t\t<div class=\"elementor-widget-wrap elementor-element-populated\">\n\t\t\t\t\t\t<div class=\"elementor-element elementor-element-291a5a4e elementor-widget__width-initial elementor-widget elementor-widget-text-editor\" data-id=\"291a5a4e\" data-element_type=\"widget\" data-widget_type=\"text-editor.default\">\n\t\t\t\t<div class=\"elementor-widget-container\">\n\t\t\t\t\t\t\t\t\t<p>MMR Consultant arbetar enligt strikta professionella och etiska standarder. Nedan f\u00f6ljer exempel p\u00e5 v\u00e5ra standardavtal f\u00f6r uppdrag och service, baserade p\u00e5 riktlinjer fr\u00e5n ledande yrkesorganisationer i Spanien och Storbritannien.<\/p>\t\t\t\t\t\t\t\t<\/div>\n\t\t\t\t<\/div>\n\t\t\t\t\t<\/div>\n\t\t<\/div>\n\t\t\t\t\t<\/div>\n\t\t<\/section>\n\t\t\t\t<section class=\"elementor-section elementor-top-section elementor-element elementor-element-77b71b49 elementor-section-boxed elementor-section-height-default elementor-section-height-default\" data-id=\"77b71b49\" data-element_type=\"section\" data-settings=\"{&quot;background_background&quot;:&quot;classic&quot;}\">\n\t\t\t\t\t\t<div class=\"elementor-container elementor-column-gap-default\">\n\t\t\t\t\t<div class=\"elementor-column elementor-col-50 elementor-top-column elementor-element elementor-element-5b6c51d8\" data-id=\"5b6c51d8\" data-element_type=\"column\">\n\t\t\t<div class=\"elementor-widget-wrap elementor-element-populated\">\n\t\t\t\t\t\t<div class=\"elementor-element elementor-element-22c590ff elementor-widget elementor-widget-heading\" data-id=\"22c590ff\" data-element_type=\"widget\" data-widget_type=\"heading.default\">\n\t\t\t\t<div class=\"elementor-widget-container\">\n\t\t\t\t\t<h2 class=\"elementor-heading-title elementor-size-default\">Economistas Colegio de M\u00e1laga \u2013 Serviceavtal<\/h2>\t\t\t\t<\/div>\n\t\t\t\t<\/div>\n\t\t\t\t<div class=\"elementor-element elementor-element-521ba2e2 elementor-widget__width-initial elementor-widget elementor-widget-text-editor\" data-id=\"521ba2e2\" data-element_type=\"widget\" data-widget_type=\"text-editor.default\">\n\t\t\t\t<div class=\"elementor-widget-container\">\n\t\t\t\t\t\t\t\t\t<p>V\u00e5ra serviceavtal \u00e4r utformade f\u00f6r att \u00e5terspegla erk\u00e4nda professionella och etiska standarder inom den spanska r\u00e5dgivningssektorn. De beskriver grunden f\u00f6r v\u00e5ra kundrelationer \u2013 och s\u00e4kerst\u00e4ller sekretess, transparens och tydliga f\u00f6rv\u00e4ntningar genom varje uppdrag.<\/p><p><strong><span style=\"text-decoration: underline;\"><a href=\"https:\/\/mmrconsultant.co.uk\/wp-content\/uploads\/2025\/10\/CONTRATO_DE_PRESTACION_DE_SERVICIOS_PROFESIONALES-2.pdf\" target=\"_blank\" rel=\"noopener\">Ladda ner fil (PDF)<\/a><\/span><\/strong><\/p>\t\t\t\t\t\t\t\t<\/div>\n\t\t\t\t<\/div>\n\t\t\t\t<div class=\"elementor-element elementor-element-9a27bd3 elementor-widget elementor-widget-heading\" data-id=\"9a27bd3\" data-element_type=\"widget\" data-widget_type=\"heading.default\">\n\t\t\t\t<div class=\"elementor-widget-container\">\n\t\t\t\t\t<h2 class=\"elementor-heading-title elementor-size-default\">Engagement Letters for Tax Practitioners (ATT\/CIOT)\n<\/h2>\t\t\t\t<\/div>\n\t\t\t\t<\/div>\n\t\t\t\t<div class=\"elementor-element elementor-element-18d330e5 elementor-widget__width-initial elementor-widget elementor-widget-text-editor\" data-id=\"18d330e5\" data-element_type=\"widget\" data-widget_type=\"text-editor.default\">\n\t\t\t\t<div class=\"elementor-widget-container\">\n\t\t\t\t\t\t\t\t\t<p class=\" translation-block\">V\u00e5ra engagemangsbrev \u00e4r \u00f6verensst\u00e4mmande med professionell praxis och internationella etiska riktlinjer. De definierar omfattningen av v\u00e5ra tj\u00e4nster, tydligg\u00f6r ansvarsomr\u00e5den och s\u00e4kerst\u00e4ller \u00e5tersidig f\u00f6rst\u00e5else mellan konsulenter och klienter.<\/p><p><a href=\"https:\/\/mmrconsultant.co.uk\/wp-content\/uploads\/2025\/10\/Contrato-de-Prestacion-de-Servicios-en-Ingles-2.pdf\" target=\"_blank\" rel=\"noopener\"><strong><span style=\"text-decoration: underline;\">Ladda ner fil (PDF)<\/span><\/strong><\/a><\/p>\t\t\t\t\t\t\t\t<\/div>\n\t\t\t\t<\/div>\n\t\t\t\t\t<\/div>\n\t\t<\/div>\n\t\t\t\t<div class=\"elementor-column elementor-col-50 elementor-top-column elementor-element elementor-element-3efc1e37\" data-id=\"3efc1e37\" data-element_type=\"column\">\n\t\t\t<div class=\"elementor-widget-wrap elementor-element-populated\">\n\t\t\t\t\t\t<div class=\"elementor-element elementor-element-5c68975e elementor-widget__width-initial elementor-widget elementor-widget-image\" data-id=\"5c68975e\" data-element_type=\"widget\" data-widget_type=\"image.default\">\n\t\t\t\t<div class=\"elementor-widget-container\">\n\t\t\t\t\t\t\t\t\t\t\t\t\t\t\t<img fetchpriority=\"high\" decoding=\"async\" width=\"768\" height=\"916\" src=\"https:\/\/mmrconsultant.co.uk\/wp-content\/uploads\/2025\/11\/image5-768x916.webp\" class=\"attachment-medium_large size-medium_large wp-image-4036\" alt=\"\" srcset=\"https:\/\/mmrconsultant.co.uk\/wp-content\/uploads\/2025\/11\/image5-768x916.webp 768w, https:\/\/mmrconsultant.co.uk\/wp-content\/uploads\/2025\/11\/image5-251x300.webp 251w, https:\/\/mmrconsultant.co.uk\/wp-content\/uploads\/2025\/11\/image5-858x1024.webp 858w, https:\/\/mmrconsultant.co.uk\/wp-content\/uploads\/2025\/11\/image5-10x12.webp 10w, https:\/\/mmrconsultant.co.uk\/wp-content\/uploads\/2025\/11\/image5.webp 985w\" sizes=\"(max-width: 768px) 100vw, 768px\" \/>\t\t\t\t\t\t\t\t\t\t\t\t\t\t\t<\/div>\n\t\t\t\t<\/div>\n\t\t\t\t\t<\/div>\n\t\t<\/div>\n\t\t\t\t\t<\/div>\n\t\t<\/section>\n\t\t\t\t<section class=\"elementor-section elementor-top-section elementor-element elementor-element-2796dda8 elementor-section-content-middle elementor-section-boxed elementor-section-height-default elementor-section-height-default\" data-id=\"2796dda8\" data-element_type=\"section\" data-settings=\"{&quot;background_background&quot;:&quot;classic&quot;}\">\n\t\t\t\t\t\t<div class=\"elementor-container elementor-column-gap-default\">\n\t\t\t\t\t<div class=\"elementor-column elementor-col-100 elementor-top-column elementor-element elementor-element-2ab479e\" data-id=\"2ab479e\" data-element_type=\"column\">\n\t\t\t<div class=\"elementor-widget-wrap elementor-element-populated\">\n\t\t\t\t\t\t<div class=\"elementor-element elementor-element-5e8d77e4 elementor-widget__width-initial elementor-widget elementor-widget-heading\" data-id=\"5e8d77e4\" data-element_type=\"widget\" data-widget_type=\"heading.default\">\n\t\t\t\t<div class=\"elementor-widget-container\">\n\t\t\t\t\t<h2 class=\"elementor-heading-title elementor-size-default\">Engagemang f\u00f6r integritet och transparens<\/h2>\t\t\t\t<\/div>\n\t\t\t\t<\/div>\n\t\t\t\t<div class=\"elementor-element elementor-element-61840cc6 elementor-widget__width-initial elementor-widget elementor-widget-text-editor\" data-id=\"61840cc6\" data-element_type=\"widget\" data-widget_type=\"text-editor.default\">\n\t\t\t\t<div class=\"elementor-widget-container\">\n\t\t\t\t\t\t\t\t\t<p class=\" translation-block\">Varje tj\u00e4nst vi tillhandah\u00e5ller st\u00f6ds av ett engagemang f\u00f6r etiskt uppf\u00f6rande, noggrannhet och ansvarsskyldighet.<br>Vi tror att f\u00f6rtroende f\u00f6rtj\u00e4nas genom tydlig kommunikation, dokumenterade avtal och professionell konsekvens. V\u00e5ra kunder kan lita p\u00e5 att MMR Consultant uppr\u00e4tth\u00e5ller samma standarder i alla jurisdiktioner och expertomr\u00e5den.<\/p>\t\t\t\t\t\t\t\t<\/div>\n\t\t\t\t<\/div>\n\t\t\t\t\t<\/div>\n\t\t<\/div>\n\t\t\t\t\t<\/div>\n\t\t<\/section>\n\t\t\t\t<\/div>","protected":false},"excerpt":{"rendered":"<p>Professional standards MMR Consultant Professional and ethical standards MMR Consultant operates under strict professional and ethical standards. Below are examples of our standard engagement and service agreements, based on guidelines from leading professional bodies in Spain and the UK. Economistas Colegio de M\u00e1laga \u2013 Service Contract Our service contracts are designed to reflect recognised professional [&hellip;]<\/p>","protected":false},"author":1,"featured_media":0,"parent":0,"menu_order":0,"comment_status":"closed","ping_status":"closed","template":"","meta":{"footnotes":""},"class_list":["post-3892","page","type-page","status-publish","hentry"],"yoast_head":"<!-- This site is optimized with the Yoast SEO plugin v26.3 - https:\/\/yoast.com\/wordpress\/plugins\/seo\/ -->\n<title>Professional Standards - MMR Consultant<\/title>\n<meta name=\"description\" content=\"Explore our professional standards and service agreements, reflecting MMR Consultant\u2019s commitment to transparency and compliance.\" \/>\n<meta name=\"robots\" content=\"index, follow, max-snippet:-1, max-image-preview:large, max-video-preview:-1\" \/>\n<link rel=\"canonical\" href=\"https:\/\/mmrconsultant.co.uk\/sv\/professional-standards-mmr-consultant\/\" \/>\n<meta property=\"og:locale\" content=\"sv_SE\" \/>\n<meta property=\"og:type\" content=\"article\" \/>\n<meta property=\"og:title\" content=\"Professional Standards - MMR Consultant\" \/>\n<meta property=\"og:description\" content=\"Explore our professional standards and service agreements, reflecting MMR Consultant\u2019s commitment to transparency and compliance.\" \/>\n<meta property=\"og:url\" content=\"https:\/\/mmrconsultant.co.uk\/sv\/professional-standards-mmr-consultant\/\" \/>\n<meta property=\"og:site_name\" content=\"MMR Consultant\" \/>\n<meta property=\"article:modified_time\" content=\"2025-11-11T20:53:13+00:00\" \/>\n<meta property=\"og:image\" content=\"https:\/\/mmrconsultant.co.uk\/wp-content\/uploads\/2025\/11\/image5-768x916.webp\" \/>\n<meta name=\"twitter:card\" content=\"summary_large_image\" \/>\n<meta name=\"twitter:label1\" content=\"Ber\u00e4knad l\u00e4stid\" \/>\n\t<meta name=\"twitter:data1\" content=\"1 minut\" \/>\n<script type=\"application\/ld+json\" class=\"yoast-schema-graph\">{\"@context\":\"https:\/\/schema.org\",\"@graph\":[{\"@type\":\"WebPage\",\"@id\":\"https:\/\/mmrconsultant.co.uk\/professional-standards-mmr-consultant\/\",\"url\":\"https:\/\/mmrconsultant.co.uk\/professional-standards-mmr-consultant\/\",\"name\":\"Professional Standards - MMR Consultant\",\"isPartOf\":{\"@id\":\"https:\/\/mmrconsultant.co.uk\/#website\"},\"primaryImageOfPage\":{\"@id\":\"https:\/\/mmrconsultant.co.uk\/professional-standards-mmr-consultant\/#primaryimage\"},\"image\":{\"@id\":\"https:\/\/mmrconsultant.co.uk\/professional-standards-mmr-consultant\/#primaryimage\"},\"thumbnailUrl\":\"https:\/\/mmrconsultant.co.uk\/wp-content\/uploads\/2025\/11\/image5-768x916.webp\",\"datePublished\":\"2025-10-14T17:18:05+00:00\",\"dateModified\":\"2025-11-11T20:53:13+00:00\",\"description\":\"Explore our professional standards and service agreements, reflecting MMR Consultant\u2019s commitment to transparency and compliance.\",\"breadcrumb\":{\"@id\":\"https:\/\/mmrconsultant.co.uk\/professional-standards-mmr-consultant\/#breadcrumb\"},\"inLanguage\":\"sv-SE\",\"potentialAction\":[{\"@type\":\"ReadAction\",\"target\":[\"https:\/\/mmrconsultant.co.uk\/professional-standards-mmr-consultant\/\"]}]},{\"@type\":\"ImageObject\",\"inLanguage\":\"sv-SE\",\"@id\":\"https:\/\/mmrconsultant.co.uk\/professional-standards-mmr-consultant\/#primaryimage\",\"url\":\"https:\/\/mmrconsultant.co.uk\/wp-content\/uploads\/2025\/11\/image5-768x916.webp\",\"contentUrl\":\"https:\/\/mmrconsultant.co.uk\/wp-content\/uploads\/2025\/11\/image5-768x916.webp\"},{\"@type\":\"BreadcrumbList\",\"@id\":\"https:\/\/mmrconsultant.co.uk\/professional-standards-mmr-consultant\/#breadcrumb\",\"itemListElement\":[{\"@type\":\"ListItem\",\"position\":1,\"name\":\"Home\",\"item\":\"https:\/\/mmrconsultant.co.uk\/\"},{\"@type\":\"ListItem\",\"position\":2,\"name\":\"Professional Standards\"}]},{\"@type\":\"WebSite\",\"@id\":\"https:\/\/mmrconsultant.co.uk\/#website\",\"url\":\"https:\/\/mmrconsultant.co.uk\/\",\"name\":\"MMR Consultant\",\"description\":\"Marbella Taxes and Law\",\"potentialAction\":[{\"@type\":\"SearchAction\",\"target\":{\"@type\":\"EntryPoint\",\"urlTemplate\":\"https:\/\/mmrconsultant.co.uk\/?s={search_term_string}\"},\"query-input\":{\"@type\":\"PropertyValueSpecification\",\"valueRequired\":true,\"valueName\":\"search_term_string\"}}],\"inLanguage\":\"sv-SE\"}]}<\/script>\n<!-- \/ Yoast SEO plugin. -->","yoast_head_json":{"title":"Professional Standards - MMR Consultant","description":"Explore our professional standards and service agreements, reflecting MMR Consultant\u2019s commitment to transparency and compliance.","robots":{"index":"index","follow":"follow","max-snippet":"max-snippet:-1","max-image-preview":"max-image-preview:large","max-video-preview":"max-video-preview:-1"},"canonical":"https:\/\/mmrconsultant.co.uk\/sv\/professional-standards-mmr-consultant\/","og_locale":"sv_SE","og_type":"article","og_title":"Professional Standards - MMR Consultant","og_description":"Explore our professional standards and service agreements, reflecting MMR Consultant\u2019s commitment to transparency and compliance.","og_url":"https:\/\/mmrconsultant.co.uk\/sv\/professional-standards-mmr-consultant\/","og_site_name":"MMR Consultant","article_modified_time":"2025-11-11T20:53:13+00:00","og_image":[{"url":"https:\/\/mmrconsultant.co.uk\/wp-content\/uploads\/2025\/11\/image5-768x916.webp","type":"","width":"","height":""}],"twitter_card":"summary_large_image","twitter_misc":{"Ber\u00e4knad l\u00e4stid":"1 minut"},"schema":{"@context":"https:\/\/schema.org","@graph":[{"@type":"WebPage","@id":"https:\/\/mmrconsultant.co.uk\/professional-standards-mmr-consultant\/","url":"https:\/\/mmrconsultant.co.uk\/professional-standards-mmr-consultant\/","name":"Professional Standards - MMR Consultant","isPartOf":{"@id":"https:\/\/mmrconsultant.co.uk\/#website"},"primaryImageOfPage":{"@id":"https:\/\/mmrconsultant.co.uk\/professional-standards-mmr-consultant\/#primaryimage"},"image":{"@id":"https:\/\/mmrconsultant.co.uk\/professional-standards-mmr-consultant\/#primaryimage"},"thumbnailUrl":"https:\/\/mmrconsultant.co.uk\/wp-content\/uploads\/2025\/11\/image5-768x916.webp","datePublished":"2025-10-14T17:18:05+00:00","dateModified":"2025-11-11T20:53:13+00:00","description":"Explore our professional standards and service agreements, reflecting MMR Consultant\u2019s commitment to transparency and compliance.","breadcrumb":{"@id":"https:\/\/mmrconsultant.co.uk\/professional-standards-mmr-consultant\/#breadcrumb"},"inLanguage":"sv-SE","potentialAction":[{"@type":"ReadAction","target":["https:\/\/mmrconsultant.co.uk\/professional-standards-mmr-consultant\/"]}]},{"@type":"ImageObject","inLanguage":"sv-SE","@id":"https:\/\/mmrconsultant.co.uk\/professional-standards-mmr-consultant\/#primaryimage","url":"https:\/\/mmrconsultant.co.uk\/wp-content\/uploads\/2025\/11\/image5-768x916.webp","contentUrl":"https:\/\/mmrconsultant.co.uk\/wp-content\/uploads\/2025\/11\/image5-768x916.webp"},{"@type":"BreadcrumbList","@id":"https:\/\/mmrconsultant.co.uk\/professional-standards-mmr-consultant\/#breadcrumb","itemListElement":[{"@type":"ListItem","position":1,"name":"Home","item":"https:\/\/mmrconsultant.co.uk\/"},{"@type":"ListItem","position":2,"name":"Professional Standards"}]},{"@type":"WebSite","@id":"https:\/\/mmrconsultant.co.uk\/#website","url":"https:\/\/mmrconsultant.co.uk\/","name":"MMR Consultant","description":"Marbella - skatter &amp; lagstiftning","potentialAction":[{"@type":"SearchAction","target":{"@type":"EntryPoint","urlTemplate":"https:\/\/mmrconsultant.co.uk\/?s={search_term_string}"},"query-input":{"@type":"PropertyValueSpecification","valueRequired":true,"valueName":"search_term_string"}}],"inLanguage":"sv-SE"}]}},"_links":{"self":[{"href":"https:\/\/mmrconsultant.co.uk\/sv\/wp-json\/wp\/v2\/pages\/3892","targetHints":{"allow":["GET"]}}],"collection":[{"href":"https:\/\/mmrconsultant.co.uk\/sv\/wp-json\/wp\/v2\/pages"}],"about":[{"href":"https:\/\/mmrconsultant.co.uk\/sv\/wp-json\/wp\/v2\/types\/page"}],"author":[{"embeddable":true,"href":"https:\/\/mmrconsultant.co.uk\/sv\/wp-json\/wp\/v2\/users\/1"}],"replies":[{"embeddable":true,"href":"https:\/\/mmrconsultant.co.uk\/sv\/wp-json\/wp\/v2\/comments?post=3892"}],"version-history":[{"count":0,"href":"https:\/\/mmrconsultant.co.uk\/sv\/wp-json\/wp\/v2\/pages\/3892\/revisions"}],"wp:attachment":[{"href":"https:\/\/mmrconsultant.co.uk\/sv\/wp-json\/wp\/v2\/media?parent=3892"}],"curies":[{"name":"wp","href":"https:\/\/api.w.org\/{rel}","templated":true}]}}