{"id":3832,"date":"2025-10-14T16:41:01","date_gmt":"2025-10-14T16:41:01","guid":{"rendered":"https:\/\/mmrconsultant.co.uk\/?page_id=3832"},"modified":"2025-11-04T08:35:44","modified_gmt":"2025-11-04T08:35:44","slug":"resurser","status":"publish","type":"page","link":"https:\/\/mmrconsultant.co.uk\/sv\/resurser\/","title":{"rendered":"Resurser"},"content":{"rendered":"<div data-elementor-type=\"wp-page\" data-elementor-id=\"3832\" class=\"elementor elementor-3832\" data-elementor-post-type=\"page\">\n\t\t\t\t\t\t<section class=\"elementor-section elementor-top-section elementor-element elementor-element-1095bbd3 elementor-section-height-min-height elementor-section-full_width elementor-section-height-default elementor-section-items-middle\" data-id=\"1095bbd3\" data-element_type=\"section\" data-settings=\"{&quot;background_background&quot;:&quot;classic&quot;}\">\n\t\t\t\t\t\t<div class=\"elementor-container elementor-column-gap-default\">\n\t\t\t\t\t<div class=\"elementor-column elementor-col-100 elementor-top-column elementor-element elementor-element-20d61f60\" data-id=\"20d61f60\" data-element_type=\"column\">\n\t\t\t<div class=\"elementor-widget-wrap elementor-element-populated\">\n\t\t\t\t\t\t<div class=\"elementor-element elementor-element-36fb626 elementor-widget elementor-widget-heading\" data-id=\"36fb626\" data-element_type=\"widget\" data-widget_type=\"heading.default\">\n\t\t\t\t<div class=\"elementor-widget-container\">\n\t\t\t\t\t<h1 class=\"elementor-heading-title elementor-size-default\">Resurser <\/h1>\t\t\t\t<\/div>\n\t\t\t\t<\/div>\n\t\t\t\t\t<\/div>\n\t\t<\/div>\n\t\t\t\t\t<\/div>\n\t\t<\/section>\n\t\t\t\t<section class=\"elementor-section elementor-top-section elementor-element elementor-element-4167e219 elementor-section-boxed elementor-section-height-default elementor-section-height-default\" data-id=\"4167e219\" data-element_type=\"section\" data-settings=\"{&quot;background_background&quot;:&quot;classic&quot;}\">\n\t\t\t\t\t\t<div class=\"elementor-container elementor-column-gap-default\">\n\t\t\t\t\t<div class=\"elementor-column elementor-col-50 elementor-top-column elementor-element elementor-element-6e4d2ee4\" data-id=\"6e4d2ee4\" data-element_type=\"column\">\n\t\t\t<div class=\"elementor-widget-wrap elementor-element-populated\">\n\t\t\t\t\t\t<div class=\"elementor-element elementor-element-60f4e611 elementor-widget elementor-widget-text-editor\" data-id=\"60f4e611\" data-element_type=\"widget\" data-widget_type=\"text-editor.default\">\n\t\t\t\t<div class=\"elementor-widget-container\">\n\t\t\t\t\t\t\t\t\t<p>MMR Consultant<\/p>\t\t\t\t\t\t\t\t<\/div>\n\t\t\t\t<\/div>\n\t\t\t\t<div class=\"elementor-element elementor-element-312f8753 elementor-widget__width-initial elementor-widget elementor-widget-heading\" data-id=\"312f8753\" data-element_type=\"widget\" data-widget_type=\"heading.default\">\n\t\t\t\t<div class=\"elementor-widget-container\">\n\t\t\t\t\t<h2 class=\"elementor-heading-title elementor-size-default\">Guider &amp; dokument<\/h2>\t\t\t\t<\/div>\n\t\t\t\t<\/div>\n\t\t\t\t<div class=\"elementor-element elementor-element-1cdebf16 elementor-widget-divider--view-line elementor-widget elementor-widget-divider\" data-id=\"1cdebf16\" data-element_type=\"widget\" data-widget_type=\"divider.default\">\n\t\t\t\t<div class=\"elementor-widget-container\">\n\t\t\t\t\t\t\t<div class=\"elementor-divider\">\n\t\t\t<span class=\"elementor-divider-separator\">\n\t\t\t\t\t\t<\/span>\n\t\t<\/div>\n\t\t\t\t\t\t<\/div>\n\t\t\t\t<\/div>\n\t\t\t\t\t<\/div>\n\t\t<\/div>\n\t\t\t\t<div class=\"elementor-column elementor-col-50 elementor-top-column elementor-element elementor-element-2288df74\" data-id=\"2288df74\" data-element_type=\"column\">\n\t\t\t<div class=\"elementor-widget-wrap elementor-element-populated\">\n\t\t\t\t\t\t<div class=\"elementor-element elementor-element-6a6cd369 elementor-widget__width-initial elementor-widget elementor-widget-text-editor\" data-id=\"6a6cd369\" data-element_type=\"widget\" data-widget_type=\"text-editor.default\">\n\t\t\t\t<div class=\"elementor-widget-container\">\n\t\t\t\t\t\t\t\t\t<p>H\u00e4r hittar du anv\u00e4ndbara guider och dokument som f\u00f6rklarar viktiga aspekter av spansk beskattning, investerings- och aff\u00e4rsr\u00e5dgivning. Ladda ner och l\u00e4r dig mer om v\u00e5ra specialiserade l\u00f6sningar f\u00f6r utlandsboende och investerare.<\/p>\t\t\t\t\t\t\t\t<\/div>\n\t\t\t\t<\/div>\n\t\t\t\t\t<\/div>\n\t\t<\/div>\n\t\t\t\t\t<\/div>\n\t\t<\/section>\n\t\t\t\t<section class=\"elementor-section elementor-top-section elementor-element elementor-element-533c8ff elementor-section-boxed elementor-section-height-default elementor-section-height-default\" data-id=\"533c8ff\" data-element_type=\"section\" data-settings=\"{&quot;background_background&quot;:&quot;classic&quot;}\">\n\t\t\t\t\t\t<div class=\"elementor-container elementor-column-gap-default\">\n\t\t\t\t\t<div class=\"elementor-column elementor-col-50 elementor-top-column elementor-element elementor-element-276dc05d\" data-id=\"276dc05d\" data-element_type=\"column\">\n\t\t\t<div class=\"elementor-widget-wrap elementor-element-populated\">\n\t\t\t\t\t\t<div class=\"elementor-element elementor-element-46dc657 elementor-widget__width-initial elementor-widget elementor-widget-image\" data-id=\"46dc657\" data-element_type=\"widget\" data-widget_type=\"image.default\">\n\t\t\t\t<div class=\"elementor-widget-container\">\n\t\t\t\t\t\t\t\t\t\t\t\t\t\t\t<img fetchpriority=\"high\" decoding=\"async\" width=\"768\" height=\"1152\" src=\"https:\/\/mmrconsultant.co.uk\/wp-content\/uploads\/2025\/10\/workplace-2025-04-01-20-49-47-utc-768x1152.jpg\" class=\"attachment-medium_large size-medium_large wp-image-3536\" alt=\"\" srcset=\"https:\/\/mmrconsultant.co.uk\/wp-content\/uploads\/2025\/10\/workplace-2025-04-01-20-49-47-utc-768x1152.jpg 768w, https:\/\/mmrconsultant.co.uk\/wp-content\/uploads\/2025\/10\/workplace-2025-04-01-20-49-47-utc-200x300.jpg 200w, https:\/\/mmrconsultant.co.uk\/wp-content\/uploads\/2025\/10\/workplace-2025-04-01-20-49-47-utc-683x1024.jpg 683w, https:\/\/mmrconsultant.co.uk\/wp-content\/uploads\/2025\/10\/workplace-2025-04-01-20-49-47-utc-1024x1536.jpg 1024w, https:\/\/mmrconsultant.co.uk\/wp-content\/uploads\/2025\/10\/workplace-2025-04-01-20-49-47-utc-1365x2048.jpg 1365w, https:\/\/mmrconsultant.co.uk\/wp-content\/uploads\/2025\/10\/workplace-2025-04-01-20-49-47-utc-8x12.jpg 8w, https:\/\/mmrconsultant.co.uk\/wp-content\/uploads\/2025\/10\/workplace-2025-04-01-20-49-47-utc-scaled.jpg 1707w\" sizes=\"(max-width: 768px) 100vw, 768px\" \/>\t\t\t\t\t\t\t\t\t\t\t\t\t\t\t<\/div>\n\t\t\t\t<\/div>\n\t\t\t\t\t<\/div>\n\t\t<\/div>\n\t\t\t\t<div class=\"elementor-column elementor-col-50 elementor-top-column elementor-element elementor-element-31a90fb\" data-id=\"31a90fb\" data-element_type=\"column\">\n\t\t\t<div class=\"elementor-widget-wrap elementor-element-populated\">\n\t\t\t\t\t\t<div class=\"elementor-element elementor-element-c17f73e elementor-widget elementor-widget-heading\" data-id=\"c17f73e\" data-element_type=\"widget\" data-widget_type=\"heading.default\">\n\t\t\t\t<div class=\"elementor-widget-container\">\n\t\t\t\t\t<h2 class=\"elementor-heading-title elementor-size-default\">Special Expat Tax Regime - S\u00e4rskild skatteregim<\/h2>\t\t\t\t<\/div>\n\t\t\t\t<\/div>\n\t\t\t\t<div class=\"elementor-element elementor-element-69f48f3 elementor-widget__width-initial elementor-widget elementor-widget-text-editor\" data-id=\"69f48f3\" data-element_type=\"widget\" data-widget_type=\"text-editor.default\">\n\t\t\t\t<div class=\"elementor-widget-container\">\n\t\t\t\t\t\t\t\t\t<p>Den h\u00e4r guiden f\u00f6rklarar vem som kan dra nytta av den s\u00e4rskilda skatteordningen f\u00f6r expats, vilka de viktigaste f\u00f6rdelarna \u00e4r och hur man ans\u00f6ker.<\/p><p><strong><span style=\"text-decoration: underline;\"><a href=\"https:\/\/mmrconsultant.co.uk\/wp-content\/uploads\/2025\/10\/Special-Expat-Tax-Regime-2.docx\" target=\"_blank\" rel=\"noopener\">Ladda ner fil (PDF)<\/a><\/span><\/strong><\/p>\t\t\t\t\t\t\t\t<\/div>\n\t\t\t\t<\/div>\n\t\t\t\t<div class=\"elementor-element elementor-element-c15d560 elementor-widget elementor-widget-heading\" data-id=\"c15d560\" data-element_type=\"widget\" data-widget_type=\"heading.default\">\n\t\t\t\t<div class=\"elementor-widget-container\">\n\t\t\t\t\t<h2 class=\"elementor-heading-title elementor-size-default\">ETVE - Det spanska systemet f\u00f6r holdingbolag<\/h2>\t\t\t\t<\/div>\n\t\t\t\t<\/div>\n\t\t\t\t<div class=\"elementor-element elementor-element-f0e4b80 elementor-widget__width-initial elementor-widget elementor-widget-text-editor\" data-id=\"f0e4b80\" data-element_type=\"widget\" data-widget_type=\"text-editor.default\">\n\t\t\t\t<div class=\"elementor-widget-container\">\n\t\t\t\t\t\t\t\t\t<p class=\" translation-block\">Entidad de Tenencia de Valores Extranjeros (ETVE) \u00e4r Spaniens gynnsamma holdingbolagsstruktur f\u00f6r internationella investerare.<\/p><p><a href=\"https:\/\/mmrconsultant.co.uk\/wp-content\/uploads\/2025\/10\/ETVE-1.docx\" target=\"_blank\" rel=\"noopener\"><strong><span style=\"text-decoration: underline;\">Ladda ner fil (PDF)<\/span><\/strong><\/a><\/p>\t\t\t\t\t\t\t\t<\/div>\n\t\t\t\t<\/div>\n\t\t\t\t<div class=\"elementor-element elementor-element-509bb71 elementor-widget elementor-widget-heading\" data-id=\"509bb71\" data-element_type=\"widget\" data-widget_type=\"heading.default\">\n\t\t\t\t<div class=\"elementor-widget-container\">\n\t\t\t\t\t<h2 class=\"elementor-heading-title elementor-size-default\">Investera i Spanien med f\u00f6rtroende<\/h2>\t\t\t\t<\/div>\n\t\t\t\t<\/div>\n\t\t\t\t<div class=\"elementor-element elementor-element-21a4b60 elementor-widget__width-initial elementor-widget elementor-widget-text-editor\" data-id=\"21a4b60\" data-element_type=\"widget\" data-widget_type=\"text-editor.default\">\n\t\t\t\t<div class=\"elementor-widget-container\">\n\t\t\t\t\t\t\t\t\t<p>\u00a0Det h\u00e4r dokumentet beskriver de viktigaste stegen och insikterna som hj\u00e4lper dig att fatta v\u00e4lgrundade beslut innan du investerar kapital.\u00a0<\/p><p><a href=\"https:\/\/mmrconsultant.co.uk\/wp-content\/uploads\/2025\/10\/Investing-in-Spain-with-Confidence.docx\" target=\"_blank\" rel=\"noopener\"><strong><span style=\"text-decoration: underline;\">Ladda ner fil (PDF)<\/span><\/strong><\/a><\/p>\t\t\t\t\t\t\t\t<\/div>\n\t\t\t\t<\/div>\n\t\t\t\t<div class=\"elementor-element elementor-element-4e36d4c elementor-widget elementor-widget-heading\" data-id=\"4e36d4c\" data-element_type=\"widget\" data-widget_type=\"heading.default\">\n\t\t\t\t<div class=\"elementor-widget-container\">\n\t\t\t\t\t<h2 class=\"elementor-heading-title elementor-size-default\">F\u00f6retagsr\u00e5dgivning p\u00e5 Costa del Sol<\/h2>\t\t\t\t<\/div>\n\t\t\t\t<\/div>\n\t\t\t\t<div class=\"elementor-element elementor-element-846bb0a elementor-widget__width-initial elementor-widget elementor-widget-text-editor\" data-id=\"846bb0a\" data-element_type=\"widget\" data-widget_type=\"text-editor.default\">\n\t\t\t\t<div class=\"elementor-widget-container\">\n\t\t\t\t\t\t\t\t\t<p class=\" translation-block\">Fr\u00e5n f\u00f6retagsbildning och redovisning till regelefterlevnad och strategisk planering \u2013 den h\u00e4r guiden ger en \u00f6versikt \u00f6ver v\u00e5rt kompletta erbjudande om aff\u00e4rsr\u00e5dgivning.<\/p><p><a href=\"https:\/\/mmrconsultant.co.uk\/wp-content\/uploads\/2025\/10\/Comprehensive-Business-Advisory-on-the-Costa-del-Sol.docx\" target=\"_blank\" rel=\"noopener\"><strong><span style=\"text-decoration: underline;\">Ladda ner fil (PDF)<\/span><\/strong><\/a><\/p>\t\t\t\t\t\t\t\t<\/div>\n\t\t\t\t<\/div>\n\t\t\t\t<div class=\"elementor-element elementor-element-5278748 elementor-widget elementor-widget-heading\" data-id=\"5278748\" data-element_type=\"widget\" data-widget_type=\"heading.default\">\n\t\t\t\t<div class=\"elementor-widget-container\">\n\t\t\t\t\t<h2 class=\"elementor-heading-title elementor-size-default\">Driva utl\u00e4ndskt f\u00f6retag medan man bor i Spanien<\/h2>\t\t\t\t<\/div>\n\t\t\t\t<\/div>\n\t\t\t\t<div class=\"elementor-element elementor-element-50984aa elementor-widget__width-initial elementor-widget elementor-widget-text-editor\" data-id=\"50984aa\" data-element_type=\"widget\" data-widget_type=\"text-editor.default\">\n\t\t\t\t<div class=\"elementor-widget-container\">\n\t\t\t\t\t\t\t\t\t<p>Fr\u00e5n skatter\u00e4ttslig hemvist och holdingstrukturer till optimering av utdelningar och efterlevnad av spanska regler \u2013 den h\u00e4r guiden f\u00f6rklarar hur du p\u00e5 ett effektivt s\u00e4tt kan hantera och strukturera \u00e4gandet av utl\u00e4ndska f\u00f6retag medan du \u00e4r bosatt i Spanien.<\/p><p><a href=\"https:\/\/mmrconsultant.co.uk\/wp-content\/uploads\/2025\/11\/Managing-a-Foreign-Business-While-Living-in-Spain.pdf\"><strong><span style=\"text-decoration: underline;\">Ladda ner fil (PDF)<\/span><\/strong><\/a><\/p>\t\t\t\t\t\t\t\t<\/div>\n\t\t\t\t<\/div>\n\t\t\t\t\t<\/div>\n\t\t<\/div>\n\t\t\t\t\t<\/div>\n\t\t<\/section>\n\t\t\t\t<section class=\"elementor-section elementor-top-section elementor-element elementor-element-1e325609 elementor-section-content-middle elementor-section-boxed elementor-section-height-default elementor-section-height-default\" data-id=\"1e325609\" data-element_type=\"section\" data-settings=\"{&quot;background_background&quot;:&quot;classic&quot;}\">\n\t\t\t\t\t\t<div class=\"elementor-container elementor-column-gap-default\">\n\t\t\t\t\t<div class=\"elementor-column elementor-col-100 elementor-top-column elementor-element elementor-element-45bde5\" data-id=\"45bde5\" data-element_type=\"column\">\n\t\t\t<div class=\"elementor-widget-wrap elementor-element-populated\">\n\t\t\t\t\t\t<div class=\"elementor-element elementor-element-1b47ee5d elementor-widget__width-initial elementor-widget elementor-widget-heading\" data-id=\"1b47ee5d\" data-element_type=\"widget\" data-widget_type=\"heading.default\">\n\t\t\t\t<div class=\"elementor-widget-container\">\n\t\t\t\t\t<h2 class=\"elementor-heading-title elementor-size-default\">Jobba med en expert p\u00e5 Costa del Sol<\/h2>\t\t\t\t<\/div>\n\t\t\t\t<\/div>\n\t\t\t\t<div class=\"elementor-element elementor-element-1dc4db1f elementor-widget__width-initial elementor-widget elementor-widget-text-editor\" data-id=\"1dc4db1f\" data-element_type=\"widget\" data-widget_type=\"text-editor.default\">\n\t\t\t\t<div class=\"elementor-widget-container\">\n\t\t\t\t\t\t\t\t\t<p class=\" translation-block\">Att f\u00f6rst\u00e5 spanska skatte- och aff\u00e4rsregler kan vara komplicerat \u2013 men du beh\u00f6ver inte navigera det ensam. Dessa resurser \u00e4r ett f\u00f6rsta steg mot klarhet och trygghet. F\u00f6r personlig r\u00e5dgivning, kontakta MMR Consultant och l\u00e5t v\u00e5ra experter v\u00e4gleda dig vidare.<\/p>\t\t\t\t\t\t\t\t<\/div>\n\t\t\t\t<\/div>\n\t\t\t\t\t<\/div>\n\t\t<\/div>\n\t\t\t\t\t<\/div>\n\t\t<\/section>\n\t\t\t\t<\/div>","protected":false},"excerpt":{"rendered":"<p>Resources MMR Consultant Guides &amp; documents Here you\u2019ll find useful guides and documents explaining key aspects of Spanish taxation, investment and business advisory services. Download and learn more about our specialised solutions for expatriates and investors. Special Expat Tax Regime This guide explains who can benefit from the Special Expat Tax Regime, what the main [&hellip;]<\/p>","protected":false},"author":1,"featured_media":0,"parent":0,"menu_order":0,"comment_status":"closed","ping_status":"closed","template":"","meta":{"footnotes":""},"class_list":["post-3832","page","type-page","status-publish","hentry"],"yoast_head":"<!-- This site is optimized with the Yoast SEO plugin v26.3 - https:\/\/yoast.com\/wordpress\/plugins\/seo\/ -->\n<title>Resources - MMR Consultant<\/title>\n<meta name=\"description\" content=\"Resources, guides and documents on Spanish tax, investment, and business advisory for expatriates and investors.\" \/>\n<meta name=\"robots\" content=\"index, follow, max-snippet:-1, max-image-preview:large, max-video-preview:-1\" \/>\n<link rel=\"canonical\" href=\"https:\/\/mmrconsultant.co.uk\/sv\/resurser\/\" \/>\n<meta property=\"og:locale\" content=\"sv_SE\" \/>\n<meta property=\"og:type\" content=\"article\" \/>\n<meta property=\"og:title\" content=\"Resources - MMR Consultant\" \/>\n<meta property=\"og:description\" content=\"Resources, guides and documents on Spanish tax, investment, and business advisory for expatriates and investors.\" \/>\n<meta property=\"og:url\" content=\"https:\/\/mmrconsultant.co.uk\/sv\/resurser\/\" \/>\n<meta property=\"og:site_name\" content=\"MMR Consultant\" \/>\n<meta property=\"article:modified_time\" content=\"2025-11-04T08:35:44+00:00\" \/>\n<meta property=\"og:image\" content=\"https:\/\/mmrconsultant.co.uk\/wp-content\/uploads\/2025\/10\/workplace-2025-04-01-20-49-47-utc-768x1152.jpg\" \/>\n<meta name=\"twitter:card\" content=\"summary_large_image\" \/>\n<meta name=\"twitter:label1\" content=\"Ber\u00e4knad l\u00e4stid\" \/>\n\t<meta name=\"twitter:data1\" content=\"2 minuter\" \/>\n<script type=\"application\/ld+json\" class=\"yoast-schema-graph\">{\"@context\":\"https:\/\/schema.org\",\"@graph\":[{\"@type\":\"WebPage\",\"@id\":\"https:\/\/mmrconsultant.co.uk\/resources-mmr-consultant\/\",\"url\":\"https:\/\/mmrconsultant.co.uk\/resources-mmr-consultant\/\",\"name\":\"Resources - MMR Consultant\",\"isPartOf\":{\"@id\":\"https:\/\/mmrconsultant.co.uk\/#website\"},\"primaryImageOfPage\":{\"@id\":\"https:\/\/mmrconsultant.co.uk\/resources-mmr-consultant\/#primaryimage\"},\"image\":{\"@id\":\"https:\/\/mmrconsultant.co.uk\/resources-mmr-consultant\/#primaryimage\"},\"thumbnailUrl\":\"https:\/\/mmrconsultant.co.uk\/wp-content\/uploads\/2025\/10\/workplace-2025-04-01-20-49-47-utc-768x1152.jpg\",\"datePublished\":\"2025-10-14T16:41:01+00:00\",\"dateModified\":\"2025-11-04T08:35:44+00:00\",\"description\":\"Resources, guides and documents on Spanish tax, investment, and business advisory for expatriates and investors.\",\"breadcrumb\":{\"@id\":\"https:\/\/mmrconsultant.co.uk\/resources-mmr-consultant\/#breadcrumb\"},\"inLanguage\":\"sv-SE\",\"potentialAction\":[{\"@type\":\"ReadAction\",\"target\":[\"https:\/\/mmrconsultant.co.uk\/resources-mmr-consultant\/\"]}]},{\"@type\":\"ImageObject\",\"inLanguage\":\"sv-SE\",\"@id\":\"https:\/\/mmrconsultant.co.uk\/resources-mmr-consultant\/#primaryimage\",\"url\":\"https:\/\/mmrconsultant.co.uk\/wp-content\/uploads\/2025\/10\/workplace-2025-04-01-20-49-47-utc-768x1152.jpg\",\"contentUrl\":\"https:\/\/mmrconsultant.co.uk\/wp-content\/uploads\/2025\/10\/workplace-2025-04-01-20-49-47-utc-768x1152.jpg\"},{\"@type\":\"BreadcrumbList\",\"@id\":\"https:\/\/mmrconsultant.co.uk\/resources-mmr-consultant\/#breadcrumb\",\"itemListElement\":[{\"@type\":\"ListItem\",\"position\":1,\"name\":\"Home\",\"item\":\"https:\/\/mmrconsultant.co.uk\/\"},{\"@type\":\"ListItem\",\"position\":2,\"name\":\"Resources\"}]},{\"@type\":\"WebSite\",\"@id\":\"https:\/\/mmrconsultant.co.uk\/#website\",\"url\":\"https:\/\/mmrconsultant.co.uk\/\",\"name\":\"MMR Consultant\",\"description\":\"Marbella Taxes and Law\",\"potentialAction\":[{\"@type\":\"SearchAction\",\"target\":{\"@type\":\"EntryPoint\",\"urlTemplate\":\"https:\/\/mmrconsultant.co.uk\/?s={search_term_string}\"},\"query-input\":{\"@type\":\"PropertyValueSpecification\",\"valueRequired\":true,\"valueName\":\"search_term_string\"}}],\"inLanguage\":\"sv-SE\"}]}<\/script>\n<!-- \/ Yoast SEO plugin. -->","yoast_head_json":{"title":"Resurser - MMR Consultant","description":"Resources, guides and documents on Spanish tax, investment, and business advisory for expatriates and investors.","robots":{"index":"index","follow":"follow","max-snippet":"max-snippet:-1","max-image-preview":"max-image-preview:large","max-video-preview":"max-video-preview:-1"},"canonical":"https:\/\/mmrconsultant.co.uk\/sv\/resurser\/","og_locale":"sv_SE","og_type":"article","og_title":"Resources - MMR Consultant","og_description":"Resources, guides and documents on Spanish tax, investment, and business advisory for expatriates and investors.","og_url":"https:\/\/mmrconsultant.co.uk\/sv\/resurser\/","og_site_name":"MMR Consultant","article_modified_time":"2025-11-04T08:35:44+00:00","og_image":[{"url":"https:\/\/mmrconsultant.co.uk\/wp-content\/uploads\/2025\/10\/workplace-2025-04-01-20-49-47-utc-768x1152.jpg","type":"","width":"","height":""}],"twitter_card":"summary_large_image","twitter_misc":{"Ber\u00e4knad l\u00e4stid":"2 minuter"},"schema":{"@context":"https:\/\/schema.org","@graph":[{"@type":"WebPage","@id":"https:\/\/mmrconsultant.co.uk\/resources-mmr-consultant\/","url":"https:\/\/mmrconsultant.co.uk\/resources-mmr-consultant\/","name":"Resurser - MMR Consultant","isPartOf":{"@id":"https:\/\/mmrconsultant.co.uk\/#website"},"primaryImageOfPage":{"@id":"https:\/\/mmrconsultant.co.uk\/resources-mmr-consultant\/#primaryimage"},"image":{"@id":"https:\/\/mmrconsultant.co.uk\/resources-mmr-consultant\/#primaryimage"},"thumbnailUrl":"https:\/\/mmrconsultant.co.uk\/wp-content\/uploads\/2025\/10\/workplace-2025-04-01-20-49-47-utc-768x1152.jpg","datePublished":"2025-10-14T16:41:01+00:00","dateModified":"2025-11-04T08:35:44+00:00","description":"Resources, guides and documents on Spanish tax, investment, and business advisory for expatriates and investors.","breadcrumb":{"@id":"https:\/\/mmrconsultant.co.uk\/resources-mmr-consultant\/#breadcrumb"},"inLanguage":"sv-SE","potentialAction":[{"@type":"ReadAction","target":["https:\/\/mmrconsultant.co.uk\/resources-mmr-consultant\/"]}]},{"@type":"ImageObject","inLanguage":"sv-SE","@id":"https:\/\/mmrconsultant.co.uk\/resources-mmr-consultant\/#primaryimage","url":"https:\/\/mmrconsultant.co.uk\/wp-content\/uploads\/2025\/10\/workplace-2025-04-01-20-49-47-utc-768x1152.jpg","contentUrl":"https:\/\/mmrconsultant.co.uk\/wp-content\/uploads\/2025\/10\/workplace-2025-04-01-20-49-47-utc-768x1152.jpg"},{"@type":"BreadcrumbList","@id":"https:\/\/mmrconsultant.co.uk\/resources-mmr-consultant\/#breadcrumb","itemListElement":[{"@type":"ListItem","position":1,"name":"Home","item":"https:\/\/mmrconsultant.co.uk\/"},{"@type":"ListItem","position":2,"name":"Resources"}]},{"@type":"WebSite","@id":"https:\/\/mmrconsultant.co.uk\/#website","url":"https:\/\/mmrconsultant.co.uk\/","name":"MMR Consultant","description":"Marbella - skatter &amp; lagstiftning","potentialAction":[{"@type":"SearchAction","target":{"@type":"EntryPoint","urlTemplate":"https:\/\/mmrconsultant.co.uk\/?s={search_term_string}"},"query-input":{"@type":"PropertyValueSpecification","valueRequired":true,"valueName":"search_term_string"}}],"inLanguage":"sv-SE"}]}},"_links":{"self":[{"href":"https:\/\/mmrconsultant.co.uk\/sv\/wp-json\/wp\/v2\/pages\/3832","targetHints":{"allow":["GET"]}}],"collection":[{"href":"https:\/\/mmrconsultant.co.uk\/sv\/wp-json\/wp\/v2\/pages"}],"about":[{"href":"https:\/\/mmrconsultant.co.uk\/sv\/wp-json\/wp\/v2\/types\/page"}],"author":[{"embeddable":true,"href":"https:\/\/mmrconsultant.co.uk\/sv\/wp-json\/wp\/v2\/users\/1"}],"replies":[{"embeddable":true,"href":"https:\/\/mmrconsultant.co.uk\/sv\/wp-json\/wp\/v2\/comments?post=3832"}],"version-history":[{"count":0,"href":"https:\/\/mmrconsultant.co.uk\/sv\/wp-json\/wp\/v2\/pages\/3832\/revisions"}],"wp:attachment":[{"href":"https:\/\/mmrconsultant.co.uk\/sv\/wp-json\/wp\/v2\/media?parent=3832"}],"curies":[{"name":"wp","href":"https:\/\/api.w.org\/{rel}","templated":true}]}}