{"id":3589,"date":"2025-10-05T15:30:30","date_gmt":"2025-10-05T15:30:30","guid":{"rendered":"https:\/\/mmrconsultant.co.uk\/?page_id=3589"},"modified":"2026-03-31T09:11:15","modified_gmt":"2026-03-31T09:11:15","slug":"lonehantering","status":"publish","type":"page","link":"https:\/\/mmrconsultant.co.uk\/sv\/lonehantering\/","title":{"rendered":"L\u00f6nehantering"},"content":{"rendered":"<div data-elementor-type=\"wp-page\" data-elementor-id=\"3589\" class=\"elementor elementor-3589\" data-elementor-post-type=\"page\">\n\t\t\t\t\t\t<section class=\"elementor-section elementor-top-section elementor-element elementor-element-69e549ba elementor-section-height-min-height elementor-section-full_width elementor-section-height-default elementor-section-items-middle\" data-id=\"69e549ba\" data-element_type=\"section\" data-settings=\"{&quot;background_background&quot;:&quot;classic&quot;}\">\n\t\t\t\t\t\t\t<div class=\"elementor-background-overlay\"><\/div>\n\t\t\t\t\t\t\t<div class=\"elementor-container elementor-column-gap-default\">\n\t\t\t\t\t<div class=\"elementor-column elementor-col-100 elementor-top-column elementor-element elementor-element-18f8e5d3\" data-id=\"18f8e5d3\" data-element_type=\"column\">\n\t\t\t<div class=\"elementor-widget-wrap elementor-element-populated\">\n\t\t\t\t\t\t<div class=\"elementor-element elementor-element-2013e727 elementor-widget elementor-widget-heading\" data-id=\"2013e727\" data-element_type=\"widget\" data-widget_type=\"heading.default\">\n\t\t\t\t<div class=\"elementor-widget-container\">\n\t\t\t\t\t<h2 class=\"elementor-heading-title elementor-size-default\">L\u00f6nehantering p\u00e5 Costa del Sol<\/h2>\t\t\t\t<\/div>\n\t\t\t\t<\/div>\n\t\t\t\t\t<\/div>\n\t\t<\/div>\n\t\t\t\t\t<\/div>\n\t\t<\/section>\n\t\t\t\t<section class=\"elementor-section elementor-top-section elementor-element elementor-element-25a2c524 elementor-section-boxed elementor-section-height-default elementor-section-height-default\" data-id=\"25a2c524\" data-element_type=\"section\" data-settings=\"{&quot;background_background&quot;:&quot;classic&quot;}\">\n\t\t\t\t\t\t<div class=\"elementor-container elementor-column-gap-default\">\n\t\t\t\t\t<div class=\"elementor-column elementor-col-50 elementor-top-column elementor-element elementor-element-4475a077\" data-id=\"4475a077\" data-element_type=\"column\">\n\t\t\t<div class=\"elementor-widget-wrap elementor-element-populated\">\n\t\t\t\t\t\t<div class=\"elementor-element elementor-element-64ea4d7 elementor-widget__width-initial elementor-widget elementor-widget-heading\" data-id=\"64ea4d7\" data-element_type=\"widget\" data-widget_type=\"heading.default\">\n\t\t\t\t<div class=\"elementor-widget-container\">\n\t\t\t\t\t<h2 class=\"elementor-heading-title elementor-size-default\">MMR Consultant<\/h2>\t\t\t\t<\/div>\n\t\t\t\t<\/div>\n\t\t\t\t<div class=\"elementor-element elementor-element-1da5a738 elementor-widget-divider--view-line elementor-widget elementor-widget-divider\" data-id=\"1da5a738\" data-element_type=\"widget\" data-widget_type=\"divider.default\">\n\t\t\t\t<div class=\"elementor-widget-container\">\n\t\t\t\t\t\t\t<div class=\"elementor-divider\">\n\t\t\t<span class=\"elementor-divider-separator\">\n\t\t\t\t\t\t<\/span>\n\t\t<\/div>\n\t\t\t\t\t\t<\/div>\n\t\t\t\t<\/div>\n\t\t\t\t\t<\/div>\n\t\t<\/div>\n\t\t\t\t<div class=\"elementor-column elementor-col-50 elementor-top-column elementor-element elementor-element-44c523e2\" data-id=\"44c523e2\" data-element_type=\"column\">\n\t\t\t<div class=\"elementor-widget-wrap elementor-element-populated\">\n\t\t\t\t\t\t<div class=\"elementor-element elementor-element-78ede06a elementor-widget__width-initial elementor-widget elementor-widget-text-editor\" data-id=\"78ede06a\" data-element_type=\"widget\" data-widget_type=\"text-editor.default\">\n\t\t\t\t<div class=\"elementor-widget-container\">\n\t\t\t\t\t\t\t\t\t<p class=\" translation-block\">Att sk\u00f6ta l\u00f6ner kan vara b\u00e5de tidskr\u00e4vande och komplext f\u00f6r f\u00f6retagare. Med bas i M\u00e1laga och kontor i <a href=\"https:\/\/mmrconsultant.co.uk\/sv\/lonehantering-marbella\/\" target=\"_self\">Marbella<\/a>, erbjuder MMR Consultant professionell l\u00f6nehantering p\u00e5 Costa del Sol som g\u00f6r processen enkel, korrekt och i full \u00f6verensst\u00e4mmelse med spansk arbetsr\u00e4tt. Oavsett om du driver ett mindre f\u00f6retag eller en st\u00f6rre organisation ser v\u00e5rt erfarna team till att dina anst\u00e4llda f\u00e5r r\u00e4tt l\u00f6n i r\u00e4tt tid, s\u00e5 att du kan fokusera p\u00e5 att utveckla din verksamhet.<\/p><p><span style=\"font-weight: 400;\">Kontakta oss idag s\u00e5 tar vi hand om din l\u00f6nehantering med effektivitet och diskretion.<\/span><\/p>\t\t\t\t\t\t\t\t<\/div>\n\t\t\t\t<\/div>\n\t\t\t\t\t<\/div>\n\t\t<\/div>\n\t\t\t\t\t<\/div>\n\t\t<\/section>\n\t\t\t\t<section class=\"elementor-section elementor-top-section elementor-element elementor-element-11948da1 elementor-section-boxed elementor-section-height-default elementor-section-height-default\" data-id=\"11948da1\" data-element_type=\"section\" data-settings=\"{&quot;background_background&quot;:&quot;classic&quot;}\">\n\t\t\t\t\t\t<div class=\"elementor-container elementor-column-gap-default\">\n\t\t\t\t\t<div class=\"elementor-column elementor-col-50 elementor-top-column elementor-element elementor-element-c468182\" data-id=\"c468182\" data-element_type=\"column\">\n\t\t\t<div class=\"elementor-widget-wrap elementor-element-populated\">\n\t\t\t\t\t\t<div class=\"elementor-element elementor-element-19bcbeb2 elementor-widget__width-initial elementor-widget elementor-widget-image\" data-id=\"19bcbeb2\" data-element_type=\"widget\" data-widget_type=\"image.default\">\n\t\t\t\t<div class=\"elementor-widget-container\">\n\t\t\t\t\t\t\t\t\t\t\t\t\t\t\t<img fetchpriority=\"high\" decoding=\"async\" width=\"768\" height=\"916\" src=\"https:\/\/mmrconsultant.co.uk\/wp-content\/uploads\/2025\/11\/image5-768x916.webp\" class=\"attachment-medium_large size-medium_large wp-image-4036\" alt=\"\" srcset=\"https:\/\/mmrconsultant.co.uk\/wp-content\/uploads\/2025\/11\/image5-768x916.webp 768w, https:\/\/mmrconsultant.co.uk\/wp-content\/uploads\/2025\/11\/image5-251x300.webp 251w, https:\/\/mmrconsultant.co.uk\/wp-content\/uploads\/2025\/11\/image5-858x1024.webp 858w, https:\/\/mmrconsultant.co.uk\/wp-content\/uploads\/2025\/11\/image5-10x12.webp 10w, https:\/\/mmrconsultant.co.uk\/wp-content\/uploads\/2025\/11\/image5.webp 985w\" sizes=\"(max-width: 768px) 100vw, 768px\" \/>\t\t\t\t\t\t\t\t\t\t\t\t\t\t\t<\/div>\n\t\t\t\t<\/div>\n\t\t\t\t\t<\/div>\n\t\t<\/div>\n\t\t\t\t<div class=\"elementor-column elementor-col-50 elementor-top-column elementor-element elementor-element-742d0a91\" data-id=\"742d0a91\" data-element_type=\"column\">\n\t\t\t<div class=\"elementor-widget-wrap elementor-element-populated\">\n\t\t\t\t\t\t<div class=\"elementor-element elementor-element-2fab08cd elementor-widget__width-initial elementor-widget elementor-widget-heading\" data-id=\"2fab08cd\" data-element_type=\"widget\" data-widget_type=\"heading.default\">\n\t\t\t\t<div class=\"elementor-widget-container\">\n\t\t\t\t\t<h2 class=\"elementor-heading-title elementor-size-default\">Komplett l\u00f6neadministration\n<\/h2>\t\t\t\t<\/div>\n\t\t\t\t<\/div>\n\t\t\t\t<div class=\"elementor-element elementor-element-697a0e03 elementor-widget__width-initial elementor-widget elementor-widget-text-editor\" data-id=\"697a0e03\" data-element_type=\"widget\" data-widget_type=\"text-editor.default\">\n\t\t\t\t<div class=\"elementor-widget-container\">\n\t\t\t\t\t\t\t\t\t<p><span style=\"font-weight: 400;\">L\u00f6ner handlar inte bara om siffror, de handlar om m\u00e4nniskor. Dina anst\u00e4llda \u00e4r en av de viktigaste resurserna i ditt f\u00f6retag, och att deras l\u00f6ner, bidrag och f\u00f6rm\u00e5ner hanteras korrekt \u00e4r avg\u00f6rande. V\u00e5rt kvalificerade team har l\u00e5ng erfarenhet av l\u00f6neadministration f\u00f6r b\u00e5de sm\u00e5 och stora verksamheter.<\/span><\/p><p><span style=\"font-weight: 400;\">V\u00e5r l\u00f6nehantering p\u00e5 Costa del Sol omfattar bland annat:<\/span><\/p><ul><li style=\"font-weight: 400;\" aria-level=\"1\"><span style=\"font-weight: 400;\">Framtagning och distribution av m\u00e5natliga l\u00f6nespecifikationer<\/span><\/li><li style=\"font-weight: 400;\" aria-level=\"1\"><span style=\"font-weight: 400;\">Ber\u00e4kning av l\u00f6ner, bonusar, avdrag och f\u00f6rm\u00e5ner<\/span><\/li><li style=\"font-weight: 400;\" aria-level=\"1\"><span style=\"font-weight: 400;\">Hantering av skatteavdrag och sociala avgifter<\/span><\/li><li style=\"font-weight: 400;\" aria-level=\"1\"><span style=\"font-weight: 400;\">Full regelefterlevnad enligt spansk arbets- och skattelagstiftning<\/span><\/li><li style=\"font-weight: 400;\" aria-level=\"1\"><span style=\"font-weight: 400;\">Administrering av nyanst\u00e4llningar, avslut och personalregister<\/span><\/li><li style=\"font-weight: 400;\" aria-level=\"1\"><span style=\"font-weight: 400;\">L\u00f6pande rapportering och r\u00e5dgivning till f\u00f6retagare<br \/><br \/><\/span><\/li><\/ul><p><span style=\"font-weight: 400;\">Genom att outsourca l\u00f6nehanteringen till oss kan du k\u00e4nna dig trygg med att varje detalj sk\u00f6ts korrekt och med full sekretess.<\/span><\/p>\t\t\t\t\t\t\t\t<\/div>\n\t\t\t\t<\/div>\n\t\t\t\t\t<\/div>\n\t\t<\/div>\n\t\t\t\t\t<\/div>\n\t\t<\/section>\n\t\t\t\t<section class=\"elementor-section elementor-top-section elementor-element elementor-element-7b626bdb elementor-section-boxed elementor-section-height-default elementor-section-height-default\" data-id=\"7b626bdb\" data-element_type=\"section\" data-settings=\"{&quot;background_background&quot;:&quot;classic&quot;}\">\n\t\t\t\t\t\t<div class=\"elementor-container elementor-column-gap-default\">\n\t\t\t\t\t<div class=\"elementor-column elementor-col-50 elementor-top-column elementor-element elementor-element-78661ad7\" data-id=\"78661ad7\" data-element_type=\"column\">\n\t\t\t<div class=\"elementor-widget-wrap elementor-element-populated\">\n\t\t\t\t\t\t<div class=\"elementor-element elementor-element-78cc8d99 elementor-widget__width-initial elementor-widget elementor-widget-heading\" data-id=\"78cc8d99\" data-element_type=\"widget\" data-widget_type=\"heading.default\">\n\t\t\t\t<div class=\"elementor-widget-container\">\n\t\t\t\t\t<h2 class=\"elementor-heading-title elementor-size-default\">Varf\u00f6r outsourca l\u00f6nehanteringen?\n<\/h2>\t\t\t\t<\/div>\n\t\t\t\t<\/div>\n\t\t\t\t<div class=\"elementor-element elementor-element-7c37cee0 elementor-widget__width-initial elementor-widget elementor-widget-text-editor\" data-id=\"7c37cee0\" data-element_type=\"widget\" data-widget_type=\"text-editor.default\">\n\t\t\t\t<div class=\"elementor-widget-container\">\n\t\t\t\t\t\t\t\t\t<p><span style=\"font-weight: 400;\">F\u00f6r m\u00e5nga f\u00f6retag \u00e4r intern l\u00f6nehantering b\u00e5de tidskr\u00e4vande och riskfylld. Med MMR Consultant som partner f\u00e5r du:<\/span><\/p><ul><li style=\"font-weight: 400;\" aria-level=\"1\"><b>Noggrannhet:<\/b><span style=\"font-weight: 400;\"> Alla ber\u00e4kningar blir korrekta och f\u00f6ljer spanska regler.<\/span><p>\u00a0<\/p><\/li><li style=\"font-weight: 400;\" aria-level=\"1\"><b>Regelefterlevnad:<\/b><span style=\"font-weight: 400;\"> Vi h\u00e5ller dig uppdaterad om lagar och krav.<\/span><p>\u00a0<\/p><\/li><li style=\"font-weight: 400;\" aria-level=\"1\"><b>Sekretess:<\/b><span style=\"font-weight: 400;\"> Vi hanterar k\u00e4nslig information med h\u00f6gsta integritet.<\/span><p>\u00a0<\/p><\/li><li style=\"font-weight: 400;\" aria-level=\"1\"><b>Effektivitet:<\/b><span style=\"font-weight: 400;\"> Du sparar tid och resurser som kan anv\u00e4ndas till att utveckla verksamheten.<br \/><br \/><\/span><\/li><\/ul><p><span style=\"font-weight: 400;\"><br> V\u00e5rt m\u00e5l \u00e4r att g\u00f6ra l\u00f6nehanteringen problemfri, s\u00e5 att du kan fokusera p\u00e5 det du g\u00f6r b\u00e4st.<\/span><\/p>\t\t\t\t\t\t\t\t<\/div>\n\t\t\t\t<\/div>\n\t\t\t\t\t<\/div>\n\t\t<\/div>\n\t\t\t\t<div class=\"elementor-column elementor-col-50 elementor-top-column elementor-element elementor-element-4928262f\" data-id=\"4928262f\" data-element_type=\"column\">\n\t\t\t<div class=\"elementor-widget-wrap elementor-element-populated\">\n\t\t\t\t\t\t<div class=\"elementor-element elementor-element-790e9b47 elementor-widget__width-initial elementor-widget elementor-widget-image\" data-id=\"790e9b47\" data-element_type=\"widget\" data-widget_type=\"image.default\">\n\t\t\t\t<div class=\"elementor-widget-container\">\n\t\t\t\t\t\t\t\t\t\t\t\t\t\t\t<img decoding=\"async\" width=\"768\" height=\"1024\" src=\"https:\/\/mmrconsultant.co.uk\/wp-content\/uploads\/2025\/10\/Skarmavbild-2025-10-04-kl.-21.33.36-768x1024.png\" class=\"attachment-medium_large size-medium_large wp-image-3551\" alt=\"\" srcset=\"https:\/\/mmrconsultant.co.uk\/wp-content\/uploads\/2025\/10\/Skarmavbild-2025-10-04-kl.-21.33.36-768x1024.png 768w, https:\/\/mmrconsultant.co.uk\/wp-content\/uploads\/2025\/10\/Skarmavbild-2025-10-04-kl.-21.33.36-225x300.png 225w, https:\/\/mmrconsultant.co.uk\/wp-content\/uploads\/2025\/10\/Skarmavbild-2025-10-04-kl.-21.33.36-1152x1536.png 1152w, https:\/\/mmrconsultant.co.uk\/wp-content\/uploads\/2025\/10\/Skarmavbild-2025-10-04-kl.-21.33.36-9x12.png 9w, https:\/\/mmrconsultant.co.uk\/wp-content\/uploads\/2025\/10\/Skarmavbild-2025-10-04-kl.-21.33.36.png 1296w\" sizes=\"(max-width: 768px) 100vw, 768px\" \/>\t\t\t\t\t\t\t\t\t\t\t\t\t\t\t<\/div>\n\t\t\t\t<\/div>\n\t\t\t\t\t<\/div>\n\t\t<\/div>\n\t\t\t\t\t<\/div>\n\t\t<\/section>\n\t\t\t\t<section class=\"elementor-section elementor-top-section elementor-element elementor-element-3bb11fa elementor-section-height-min-height elementor-section-boxed elementor-section-height-default elementor-section-items-middle\" data-id=\"3bb11fa\" data-element_type=\"section\" data-settings=\"{&quot;background_background&quot;:&quot;classic&quot;}\">\n\t\t\t\t\t\t<div class=\"elementor-container elementor-column-gap-default\">\n\t\t\t\t\t<div class=\"elementor-column elementor-col-100 elementor-top-column elementor-element elementor-element-091360b\" data-id=\"091360b\" data-element_type=\"column\">\n\t\t\t<div class=\"elementor-widget-wrap elementor-element-populated\">\n\t\t\t\t\t\t<div class=\"elementor-element elementor-element-27a8902 elementor-invisible elementor-widget elementor-widget-heading\" data-id=\"27a8902\" data-element_type=\"widget\" data-settings=\"{&quot;_animation&quot;:&quot;fadeIn&quot;}\" data-widget_type=\"heading.default\">\n\t\t\t\t<div class=\"elementor-widget-container\">\n\t\t\t\t\t<h2 class=\"elementor-heading-title elementor-size-default\">L\u00f6nespecifikationer och transparens\n<\/h2>\t\t\t\t<\/div>\n\t\t\t\t<\/div>\n\t\t\t\t<div class=\"elementor-element elementor-element-5057baf elementor-invisible elementor-widget elementor-widget-text-editor\" data-id=\"5057baf\" data-element_type=\"widget\" data-settings=\"{&quot;_animation&quot;:&quot;fadeIn&quot;}\" data-widget_type=\"text-editor.default\">\n\t\t\t\t<div class=\"elementor-widget-container\">\n\t\t\t\t\t\t\t\t\t<p><span style=\"font-weight: 400;\">Klara och tydliga l\u00f6nespecifikationer \u00e4r en viktig del av v\u00e5r service. Genom v\u00e5r l\u00f6nehantering p\u00e5 Costa del Sol s\u00e4kerst\u00e4ller vi att dina anst\u00e4llda varje m\u00e5nad f\u00e5r en transparent redovisning av l\u00f6n, skatter och avgifter. Detta st\u00e4rker b\u00e5de f\u00f6rtroendet och relationen mellan arbetsgivare och anst\u00e4llda.<\/span><\/p><p><span style=\"font-weight: 400;\">Oavsett om du driver ett lokalt mindre f\u00f6retag eller en internationell verksamhet i Spanien anpassar vi v\u00e5ra tj\u00e4nster efter dina behov.<\/span><\/p>\t\t\t\t\t\t\t\t<\/div>\n\t\t\t\t<\/div>\n\t\t\t\t\t<\/div>\n\t\t<\/div>\n\t\t\t\t\t<\/div>\n\t\t<\/section>\n\t\t\t\t<section class=\"elementor-section elementor-top-section elementor-element elementor-element-4d34c18e elementor-section-content-middle elementor-section-boxed elementor-section-height-default elementor-section-height-default\" data-id=\"4d34c18e\" data-element_type=\"section\" data-settings=\"{&quot;background_background&quot;:&quot;classic&quot;}\">\n\t\t\t\t\t\t<div class=\"elementor-container elementor-column-gap-default\">\n\t\t\t\t\t<div class=\"elementor-column elementor-col-100 elementor-top-column elementor-element elementor-element-648475b6\" data-id=\"648475b6\" data-element_type=\"column\">\n\t\t\t<div class=\"elementor-widget-wrap elementor-element-populated\">\n\t\t\t\t\t\t<div class=\"elementor-element elementor-element-6fec6a7a elementor-widget__width-initial elementor-widget elementor-widget-heading\" data-id=\"6fec6a7a\" data-element_type=\"widget\" data-widget_type=\"heading.default\">\n\t\t\t\t<div class=\"elementor-widget-container\">\n\t\t\t\t\t<h2 class=\"elementor-heading-title elementor-size-default\">Din partner f\u00f6r l\u00f6nehantering p\u00e5 Costa del Sol<\/h2>\t\t\t\t<\/div>\n\t\t\t\t<\/div>\n\t\t\t\t<div class=\"elementor-element elementor-element-307367f8 elementor-widget__width-initial elementor-widget elementor-widget-text-editor\" data-id=\"307367f8\" data-element_type=\"widget\" data-widget_type=\"text-editor.default\">\n\t\t\t\t<div class=\"elementor-widget-container\">\n\t\t\t\t\t\t\t\t\t<p><span style=\"font-weight: 400;\">P\u00e5 MMR Consultant vet vi att l\u00f6nehantering \u00e4r mer \u00e4n administration, det \u00e4r grunden f\u00f6r n\u00f6jda medarbetare och trygg efterlevnad av lagar och regler. Med v\u00e5r erfarenhet, precision och engagemang blir vi en p\u00e5litlig partner f\u00f6r f\u00f6retag i alla storlekar.<\/span><\/p><p><span style=\"font-weight: 400;\">V\u00e4lj MMR Consultant f\u00f6r professionell l\u00f6nehantering p\u00e5 Costa del Sol. Kontakta oss idag s\u00e5 tar vi hand om detaljerna medan du fokuserar p\u00e5 din framg\u00e5ng.<\/span><\/p>\t\t\t\t\t\t\t\t<\/div>\n\t\t\t\t<\/div>\n\t\t\t\t\t<\/div>\n\t\t<\/div>\n\t\t\t\t\t<\/div>\n\t\t<\/section>\n\t\t\t\t<\/div>","protected":false},"excerpt":{"rendered":"<p>Payroll services on the Costa del Sol MMR Consultant Managing payroll can be a time-consuming and complex task for any business. Based in M\u00e1laga and with offices in Marbella, MMR Consultant provide professional payroll services on the Costa del Sol designed to make the process simple, accurate, and fully compliant with Spanish labour law. Whether [&hellip;]<\/p>","protected":false},"author":1,"featured_media":0,"parent":0,"menu_order":0,"comment_status":"closed","ping_status":"closed","template":"","meta":{"footnotes":""},"class_list":["post-3589","page","type-page","status-publish","hentry"],"yoast_head":"<!-- This site is optimized with the Yoast SEO plugin v26.3 - https:\/\/yoast.com\/wordpress\/plugins\/seo\/ -->\n<title>Payroll services on the Costa del Sol -.Payslip management<\/title>\n<meta name=\"description\" content=\"Looking for payroll services on the Costa del Sol? We provide expert payslip services, payroll management and compliance for businesses. Contact us today!\" \/>\n<meta name=\"robots\" content=\"index, follow, max-snippet:-1, max-image-preview:large, max-video-preview:-1\" \/>\n<link rel=\"canonical\" href=\"https:\/\/mmrconsultant.co.uk\/sv\/lonehantering\/\" \/>\n<meta property=\"og:locale\" content=\"sv_SE\" \/>\n<meta property=\"og:type\" content=\"article\" \/>\n<meta property=\"og:title\" content=\"Payroll services on the Costa del Sol -.Payslip management\" \/>\n<meta property=\"og:description\" content=\"Looking for payroll services on the Costa del Sol? We provide expert payslip services, payroll management and compliance for businesses. Contact us today!\" \/>\n<meta property=\"og:url\" content=\"https:\/\/mmrconsultant.co.uk\/sv\/lonehantering\/\" \/>\n<meta property=\"og:site_name\" content=\"MMR Consultant\" \/>\n<meta property=\"article:modified_time\" content=\"2026-03-31T09:11:15+00:00\" \/>\n<meta property=\"og:image\" content=\"https:\/\/mmrconsultant.co.uk\/wp-content\/uploads\/2025\/11\/image5.webp\" \/>\n\t<meta property=\"og:image:width\" content=\"985\" \/>\n\t<meta property=\"og:image:height\" content=\"1175\" \/>\n\t<meta property=\"og:image:type\" content=\"image\/webp\" \/>\n<meta name=\"twitter:card\" content=\"summary_large_image\" \/>\n<meta name=\"twitter:label1\" content=\"Ber\u00e4knad l\u00e4stid\" \/>\n\t<meta name=\"twitter:data1\" content=\"3 minuter\" \/>\n<script type=\"application\/ld+json\" class=\"yoast-schema-graph\">{\"@context\":\"https:\/\/schema.org\",\"@graph\":[{\"@type\":\"WebPage\",\"@id\":\"https:\/\/mmrconsultant.co.uk\/payrolls\/\",\"url\":\"https:\/\/mmrconsultant.co.uk\/payrolls\/\",\"name\":\"Payroll services on the Costa del Sol -.Payslip management\",\"isPartOf\":{\"@id\":\"https:\/\/mmrconsultant.co.uk\/#website\"},\"primaryImageOfPage\":{\"@id\":\"https:\/\/mmrconsultant.co.uk\/payrolls\/#primaryimage\"},\"image\":{\"@id\":\"https:\/\/mmrconsultant.co.uk\/payrolls\/#primaryimage\"},\"thumbnailUrl\":\"https:\/\/mmrconsultant.co.uk\/wp-content\/uploads\/2025\/11\/image5-768x916.webp\",\"datePublished\":\"2025-10-05T15:30:30+00:00\",\"dateModified\":\"2026-03-31T09:11:15+00:00\",\"description\":\"Looking for payroll services on the Costa del Sol? We provide expert payslip services, payroll management and compliance for businesses. Contact us today!\",\"breadcrumb\":{\"@id\":\"https:\/\/mmrconsultant.co.uk\/payrolls\/#breadcrumb\"},\"inLanguage\":\"sv-SE\",\"potentialAction\":[{\"@type\":\"ReadAction\",\"target\":[\"https:\/\/mmrconsultant.co.uk\/payrolls\/\"]}]},{\"@type\":\"ImageObject\",\"inLanguage\":\"sv-SE\",\"@id\":\"https:\/\/mmrconsultant.co.uk\/payrolls\/#primaryimage\",\"url\":\"https:\/\/mmrconsultant.co.uk\/wp-content\/uploads\/2025\/11\/image5-768x916.webp\",\"contentUrl\":\"https:\/\/mmrconsultant.co.uk\/wp-content\/uploads\/2025\/11\/image5-768x916.webp\"},{\"@type\":\"BreadcrumbList\",\"@id\":\"https:\/\/mmrconsultant.co.uk\/payrolls\/#breadcrumb\",\"itemListElement\":[{\"@type\":\"ListItem\",\"position\":1,\"name\":\"Home\",\"item\":\"https:\/\/mmrconsultant.co.uk\/\"},{\"@type\":\"ListItem\",\"position\":2,\"name\":\"Payrolls\"}]},{\"@type\":\"WebSite\",\"@id\":\"https:\/\/mmrconsultant.co.uk\/#website\",\"url\":\"https:\/\/mmrconsultant.co.uk\/\",\"name\":\"MMR Consultant\",\"description\":\"Marbella Taxes and Law\",\"potentialAction\":[{\"@type\":\"SearchAction\",\"target\":{\"@type\":\"EntryPoint\",\"urlTemplate\":\"https:\/\/mmrconsultant.co.uk\/?s={search_term_string}\"},\"query-input\":{\"@type\":\"PropertyValueSpecification\",\"valueRequired\":true,\"valueName\":\"search_term_string\"}}],\"inLanguage\":\"sv-SE\"}]}<\/script>\n<!-- \/ Yoast SEO plugin. -->","yoast_head_json":{"title":"L\u00f6nehantering p\u00e5 Costa del Sol - L\u00f6neadministration","description":"Beh\u00f6ver du hj\u00e4lp med l\u00f6nehantering p\u00e5 Costa del Sol? Vi  erbjuder professionell l\u00f6neadministration och service f\u00f6r f\u00f6retag i alla storlekar. Kontakta oss idag","robots":{"index":"index","follow":"follow","max-snippet":"max-snippet:-1","max-image-preview":"max-image-preview:large","max-video-preview":"max-video-preview:-1"},"canonical":"https:\/\/mmrconsultant.co.uk\/sv\/lonehantering\/","og_locale":"sv_SE","og_type":"article","og_title":"Payroll services on the Costa del Sol -.Payslip management","og_description":"Looking for payroll services on the Costa del Sol? We provide expert payslip services, payroll management and compliance for businesses. Contact us today!","og_url":"https:\/\/mmrconsultant.co.uk\/sv\/lonehantering\/","og_site_name":"MMR Consultant","article_modified_time":"2026-03-31T09:11:15+00:00","og_image":[{"width":985,"height":1175,"url":"https:\/\/mmrconsultant.co.uk\/wp-content\/uploads\/2025\/11\/image5.webp","type":"image\/webp"}],"twitter_card":"summary_large_image","twitter_misc":{"Ber\u00e4knad l\u00e4stid":"3 minuter"},"schema":{"@context":"https:\/\/schema.org","@graph":[{"@type":"WebPage","@id":"https:\/\/mmrconsultant.co.uk\/payrolls\/","url":"https:\/\/mmrconsultant.co.uk\/payrolls\/","name":"L\u00f6nehantering p\u00e5 Costa del Sol - L\u00f6neadministration","isPartOf":{"@id":"https:\/\/mmrconsultant.co.uk\/#website"},"primaryImageOfPage":{"@id":"https:\/\/mmrconsultant.co.uk\/payrolls\/#primaryimage"},"image":{"@id":"https:\/\/mmrconsultant.co.uk\/payrolls\/#primaryimage"},"thumbnailUrl":"https:\/\/mmrconsultant.co.uk\/wp-content\/uploads\/2025\/11\/image5-768x916.webp","datePublished":"2025-10-05T15:30:30+00:00","dateModified":"2026-03-31T09:11:15+00:00","description":"Beh\u00f6ver du hj\u00e4lp med l\u00f6nehantering p\u00e5 Costa del Sol? Vi  erbjuder professionell l\u00f6neadministration och service f\u00f6r f\u00f6retag i alla storlekar. Kontakta oss idag","breadcrumb":{"@id":"https:\/\/mmrconsultant.co.uk\/payrolls\/#breadcrumb"},"inLanguage":"sv-SE","potentialAction":[{"@type":"ReadAction","target":["https:\/\/mmrconsultant.co.uk\/payrolls\/"]}]},{"@type":"ImageObject","inLanguage":"sv-SE","@id":"https:\/\/mmrconsultant.co.uk\/payrolls\/#primaryimage","url":"https:\/\/mmrconsultant.co.uk\/wp-content\/uploads\/2025\/11\/image5-768x916.webp","contentUrl":"https:\/\/mmrconsultant.co.uk\/wp-content\/uploads\/2025\/11\/image5-768x916.webp"},{"@type":"BreadcrumbList","@id":"https:\/\/mmrconsultant.co.uk\/payrolls\/#breadcrumb","itemListElement":[{"@type":"ListItem","position":1,"name":"Home","item":"https:\/\/mmrconsultant.co.uk\/"},{"@type":"ListItem","position":2,"name":"Payrolls"}]},{"@type":"WebSite","@id":"https:\/\/mmrconsultant.co.uk\/#website","url":"https:\/\/mmrconsultant.co.uk\/","name":"MMR Consultant","description":"Marbella - skatter &amp; lagstiftning","potentialAction":[{"@type":"SearchAction","target":{"@type":"EntryPoint","urlTemplate":"https:\/\/mmrconsultant.co.uk\/?s={search_term_string}"},"query-input":{"@type":"PropertyValueSpecification","valueRequired":true,"valueName":"search_term_string"}}],"inLanguage":"sv-SE"}]}},"_links":{"self":[{"href":"https:\/\/mmrconsultant.co.uk\/sv\/wp-json\/wp\/v2\/pages\/3589","targetHints":{"allow":["GET"]}}],"collection":[{"href":"https:\/\/mmrconsultant.co.uk\/sv\/wp-json\/wp\/v2\/pages"}],"about":[{"href":"https:\/\/mmrconsultant.co.uk\/sv\/wp-json\/wp\/v2\/types\/page"}],"author":[{"embeddable":true,"href":"https:\/\/mmrconsultant.co.uk\/sv\/wp-json\/wp\/v2\/users\/1"}],"replies":[{"embeddable":true,"href":"https:\/\/mmrconsultant.co.uk\/sv\/wp-json\/wp\/v2\/comments?post=3589"}],"version-history":[{"count":6,"href":"https:\/\/mmrconsultant.co.uk\/sv\/wp-json\/wp\/v2\/pages\/3589\/revisions"}],"predecessor-version":[{"id":4259,"href":"https:\/\/mmrconsultant.co.uk\/sv\/wp-json\/wp\/v2\/pages\/3589\/revisions\/4259"}],"wp:attachment":[{"href":"https:\/\/mmrconsultant.co.uk\/sv\/wp-json\/wp\/v2\/media?parent=3589"}],"curies":[{"name":"wp","href":"https:\/\/api.w.org\/{rel}","templated":true}]}}