{"id":4249,"date":"2026-03-31T09:06:19","date_gmt":"2026-03-31T09:06:19","guid":{"rendered":"https:\/\/mmrconsultant.co.uk\/?page_id=4249"},"modified":"2026-03-31T09:09:45","modified_gmt":"2026-03-31T09:09:45","slug":"lonnshandtering-marbella","status":"publish","type":"page","link":"https:\/\/mmrconsultant.co.uk\/no\/lonnshandtering-marbella\/","title":{"rendered":"Payrolls Marbella"},"content":{"rendered":"<div data-elementor-type=\"wp-page\" data-elementor-id=\"4249\" class=\"elementor elementor-4249\" data-elementor-post-type=\"page\">\n\t\t\t\t\t\t<section class=\"elementor-section elementor-top-section elementor-element elementor-element-69e549ba elementor-section-height-min-height elementor-section-full_width elementor-section-height-default elementor-section-items-middle\" data-id=\"69e549ba\" data-element_type=\"section\" data-settings=\"{&quot;background_background&quot;:&quot;classic&quot;}\">\n\t\t\t\t\t\t\t<div class=\"elementor-background-overlay\"><\/div>\n\t\t\t\t\t\t\t<div class=\"elementor-container elementor-column-gap-default\">\n\t\t\t\t\t<div class=\"elementor-column elementor-col-100 elementor-top-column elementor-element elementor-element-18f8e5d3\" data-id=\"18f8e5d3\" data-element_type=\"column\">\n\t\t\t<div class=\"elementor-widget-wrap elementor-element-populated\">\n\t\t\t\t\t\t<div class=\"elementor-element elementor-element-2013e727 elementor-widget elementor-widget-heading\" data-id=\"2013e727\" data-element_type=\"widget\" data-widget_type=\"heading.default\">\n\t\t\t\t<div class=\"elementor-widget-container\">\n\t\t\t\t\t<h2 class=\"elementor-heading-title elementor-size-default\">L\u00f8nnsh\u00e5ndtering i Marbella<\/h2>\t\t\t\t<\/div>\n\t\t\t\t<\/div>\n\t\t\t\t\t<\/div>\n\t\t<\/div>\n\t\t\t\t\t<\/div>\n\t\t<\/section>\n\t\t\t\t<section class=\"elementor-section elementor-top-section elementor-element elementor-element-25a2c524 elementor-section-boxed elementor-section-height-default elementor-section-height-default\" data-id=\"25a2c524\" data-element_type=\"section\" data-settings=\"{&quot;background_background&quot;:&quot;classic&quot;}\">\n\t\t\t\t\t\t<div class=\"elementor-container elementor-column-gap-default\">\n\t\t\t\t\t<div class=\"elementor-column elementor-col-50 elementor-top-column elementor-element elementor-element-4475a077\" data-id=\"4475a077\" data-element_type=\"column\">\n\t\t\t<div class=\"elementor-widget-wrap elementor-element-populated\">\n\t\t\t\t\t\t<div class=\"elementor-element elementor-element-64ea4d7 elementor-widget__width-initial elementor-widget elementor-widget-heading\" data-id=\"64ea4d7\" data-element_type=\"widget\" data-widget_type=\"heading.default\">\n\t\t\t\t<div class=\"elementor-widget-container\">\n\t\t\t\t\t<h2 class=\"elementor-heading-title elementor-size-default\">MMR Consultant<\/h2>\t\t\t\t<\/div>\n\t\t\t\t<\/div>\n\t\t\t\t<div class=\"elementor-element elementor-element-1da5a738 elementor-widget-divider--view-line elementor-widget elementor-widget-divider\" data-id=\"1da5a738\" data-element_type=\"widget\" data-widget_type=\"divider.default\">\n\t\t\t\t<div class=\"elementor-widget-container\">\n\t\t\t\t\t\t\t<div class=\"elementor-divider\">\n\t\t\t<span class=\"elementor-divider-separator\">\n\t\t\t\t\t\t<\/span>\n\t\t<\/div>\n\t\t\t\t\t\t<\/div>\n\t\t\t\t<\/div>\n\t\t\t\t\t<\/div>\n\t\t<\/div>\n\t\t\t\t<div class=\"elementor-column elementor-col-50 elementor-top-column elementor-element elementor-element-44c523e2\" data-id=\"44c523e2\" data-element_type=\"column\">\n\t\t\t<div class=\"elementor-widget-wrap elementor-element-populated\">\n\t\t\t\t\t\t<div class=\"elementor-element elementor-element-78ede06a elementor-widget__width-initial elementor-widget elementor-widget-text-editor\" data-id=\"78ede06a\" data-element_type=\"widget\" data-widget_type=\"text-editor.default\">\n\t\t\t\t<div class=\"elementor-widget-container\">\n\t\t\t\t\t\t\t\t\t<p><span style=\"font-weight: 400;\">\u00c5 administrere l\u00f8nn kan v\u00e6re b\u00e5de tidkrevende og komplisert for bedrifter. Hos MMR Consultant tilbyr vi profesjonell l\u00f8nnsh\u00e5ndtering i Marbella som gj\u00f8r prosessen enkel, korrekt og i full overensstemmelse med spansk arbeidslovgivning. Enten du driver en liten virksomhet eller en st\u00f8rre organisasjon, s\u00f8rger v\u00e5rt erfarne team for at dine ansatte f\u00e5r riktig l\u00f8nn til riktig tid, slik at du kan fokusere p\u00e5 \u00e5 utvikle selskapet ditt.\u00a0<\/span><\/p><p><span style=\"font-weight: 400;\">Ta kontakt med oss i dag, vi tar h\u00e5nd om l\u00f8nnsh\u00e5ndteringen med effektivitet og diskresjon.<\/span><\/p>\t\t\t\t\t\t\t\t<\/div>\n\t\t\t\t<\/div>\n\t\t\t\t\t<\/div>\n\t\t<\/div>\n\t\t\t\t\t<\/div>\n\t\t<\/section>\n\t\t\t\t<section class=\"elementor-section elementor-top-section elementor-element elementor-element-11948da1 elementor-section-boxed elementor-section-height-default elementor-section-height-default\" data-id=\"11948da1\" data-element_type=\"section\" data-settings=\"{&quot;background_background&quot;:&quot;classic&quot;}\">\n\t\t\t\t\t\t<div class=\"elementor-container elementor-column-gap-default\">\n\t\t\t\t\t<div class=\"elementor-column elementor-col-50 elementor-top-column elementor-element elementor-element-c468182\" data-id=\"c468182\" data-element_type=\"column\">\n\t\t\t<div class=\"elementor-widget-wrap elementor-element-populated\">\n\t\t\t\t\t\t<div class=\"elementor-element elementor-element-19bcbeb2 elementor-widget__width-initial elementor-widget elementor-widget-image\" data-id=\"19bcbeb2\" data-element_type=\"widget\" data-widget_type=\"image.default\">\n\t\t\t\t<div class=\"elementor-widget-container\">\n\t\t\t\t\t\t\t\t\t\t\t\t\t\t\t<img fetchpriority=\"high\" decoding=\"async\" width=\"768\" height=\"916\" src=\"https:\/\/mmrconsultant.co.uk\/wp-content\/uploads\/2025\/11\/image5-768x916.webp\" class=\"attachment-medium_large size-medium_large wp-image-4036\" alt=\"\" srcset=\"https:\/\/mmrconsultant.co.uk\/wp-content\/uploads\/2025\/11\/image5-768x916.webp 768w, https:\/\/mmrconsultant.co.uk\/wp-content\/uploads\/2025\/11\/image5-251x300.webp 251w, https:\/\/mmrconsultant.co.uk\/wp-content\/uploads\/2025\/11\/image5-858x1024.webp 858w, https:\/\/mmrconsultant.co.uk\/wp-content\/uploads\/2025\/11\/image5-10x12.webp 10w, https:\/\/mmrconsultant.co.uk\/wp-content\/uploads\/2025\/11\/image5.webp 985w\" sizes=\"(max-width: 768px) 100vw, 768px\" \/>\t\t\t\t\t\t\t\t\t\t\t\t\t\t\t<\/div>\n\t\t\t\t<\/div>\n\t\t\t\t\t<\/div>\n\t\t<\/div>\n\t\t\t\t<div class=\"elementor-column elementor-col-50 elementor-top-column elementor-element elementor-element-742d0a91\" data-id=\"742d0a91\" data-element_type=\"column\">\n\t\t\t<div class=\"elementor-widget-wrap elementor-element-populated\">\n\t\t\t\t\t\t<div class=\"elementor-element elementor-element-2fab08cd elementor-widget__width-initial elementor-widget elementor-widget-heading\" data-id=\"2fab08cd\" data-element_type=\"widget\" data-widget_type=\"heading.default\">\n\t\t\t\t<div class=\"elementor-widget-container\">\n\t\t\t\t\t<h2 class=\"elementor-heading-title elementor-size-default\">Komplett l\u00f8nnsadministrasjon i Marbella\n<\/h2>\t\t\t\t<\/div>\n\t\t\t\t<\/div>\n\t\t\t\t<div class=\"elementor-element elementor-element-697a0e03 elementor-widget__width-initial elementor-widget elementor-widget-text-editor\" data-id=\"697a0e03\" data-element_type=\"widget\" data-widget_type=\"text-editor.default\">\n\t\t\t\t<div class=\"elementor-widget-container\">\n\t\t\t\t\t\t\t\t\t<p><span style=\"font-weight: 400;\">L\u00f8nn handler ikke bare om tall, det handler om mennesker. Ansatte er en av de mest verdifulle ressursene i enhver virksomhet, og det er avgj\u00f8rende at l\u00f8nn, ytelser og bidrag h\u00e5ndteres korrekt. V\u00e5rt kvalifiserte team har bred erfaring med l\u00f8nnsadministrasjon for b\u00e5de sm\u00e5 og store selskaper.<\/span><\/p><p><span style=\"font-weight: 400;\">V\u00e5r l\u00f8nnsh\u00e5ndtering i Marbella inkluderer blant annet:<\/span><\/p><ul><li style=\"font-weight: 400;\" aria-level=\"1\"><span style=\"font-weight: 400;\">Utarbeidelse og distribusjon av m\u00e5nedlige l\u00f8nnsslipper<\/span><\/li><li style=\"font-weight: 400;\" aria-level=\"1\"><span style=\"font-weight: 400;\">Beregning av l\u00f8nn, bonuser, fradrag og fordeler<\/span><\/li><li style=\"font-weight: 400;\" aria-level=\"1\"><span style=\"font-weight: 400;\">H\u00e5ndtering av skattetrekk og sosiale avgifter<\/span><\/li><li style=\"font-weight: 400;\" aria-level=\"1\"><span style=\"font-weight: 400;\">Full etterlevelse av spansk arbeids- og skattelovgivning<\/span><\/li><li style=\"font-weight: 400;\" aria-level=\"1\"><span style=\"font-weight: 400;\">Administrasjon av nyansettelser, avslutninger og personalregistre<\/span><\/li><li style=\"font-weight: 400;\" aria-level=\"1\"><span style=\"font-weight: 400;\"><span style=\"font-weight: 400;\">L\u00f8pende rapportering og r\u00e5dgivning til arbeidsgivere<\/span><\/span><p>\u00a0<\/p><\/li><\/ul><p><span style=\"font-weight: 400;\">Ved \u00e5 outsource l\u00f8nnsh\u00e5ndteringen til oss kan du v\u00e6re trygg p\u00e5 at alle detaljer blir tatt h\u00e5nd om \u2013 med full konfidensialitet.<\/span><\/p>\t\t\t\t\t\t\t\t<\/div>\n\t\t\t\t<\/div>\n\t\t\t\t\t<\/div>\n\t\t<\/div>\n\t\t\t\t\t<\/div>\n\t\t<\/section>\n\t\t\t\t<section class=\"elementor-section elementor-top-section elementor-element elementor-element-7b626bdb elementor-section-boxed elementor-section-height-default elementor-section-height-default\" data-id=\"7b626bdb\" data-element_type=\"section\" data-settings=\"{&quot;background_background&quot;:&quot;classic&quot;}\">\n\t\t\t\t\t\t<div class=\"elementor-container elementor-column-gap-default\">\n\t\t\t\t\t<div class=\"elementor-column elementor-col-50 elementor-top-column elementor-element elementor-element-78661ad7\" data-id=\"78661ad7\" data-element_type=\"column\">\n\t\t\t<div class=\"elementor-widget-wrap elementor-element-populated\">\n\t\t\t\t\t\t<div class=\"elementor-element elementor-element-78cc8d99 elementor-widget__width-initial elementor-widget elementor-widget-heading\" data-id=\"78cc8d99\" data-element_type=\"widget\" data-widget_type=\"heading.default\">\n\t\t\t\t<div class=\"elementor-widget-container\">\n\t\t\t\t\t<h2 class=\"elementor-heading-title elementor-size-default\">Hvorfor outsource l\u00f8nnsh\u00e5ndtering?\n<\/h2>\t\t\t\t<\/div>\n\t\t\t\t<\/div>\n\t\t\t\t<div class=\"elementor-element elementor-element-7c37cee0 elementor-widget__width-initial elementor-widget elementor-widget-text-editor\" data-id=\"7c37cee0\" data-element_type=\"widget\" data-widget_type=\"text-editor.default\">\n\t\t\t\t<div class=\"elementor-widget-container\">\n\t\t\t\t\t\t\t\t\t<p><span style=\"font-weight: 400;\">For mange virksomheter er intern l\u00f8nnsh\u00e5ndtering b\u00e5de tidkrevende og utsatt for feil. Med MMR Consultant som partner f\u00e5r du:<\/span><\/p><ul><li style=\"font-weight: 400;\" aria-level=\"1\"><b>N\u00f8yaktighet:<\/b><span style=\"font-weight: 400;\"> Alle beregninger blir korrekte og i tr\u00e5d med spanske regler.<\/span><p>\u00a0<\/p><\/li><li style=\"font-weight: 400;\" aria-level=\"1\"><b>Etterlevelse:<\/b><span style=\"font-weight: 400;\"> Vi holder deg oppdatert p\u00e5 gjeldende lover og krav.<\/span><p>\u00a0<\/p><\/li><li style=\"font-weight: 400;\" aria-level=\"1\"><b>Konfidensialitet:<\/b><span style=\"font-weight: 400;\"> Vi h\u00e5ndterer sensitiv informasjon med h\u00f8yeste grad av diskresjon.<\/span><p>\u00a0<\/p><\/li><li style=\"font-weight: 400;\" aria-level=\"1\"><b>Effektivitet:<\/b><span style=\"font-weight: 400;\"> Frigj\u00f8r tid og ressurser til \u00e5 fokusere p\u00e5 kjernevirksomheten din.<br \/><br \/><\/span><\/li><\/ul><p><span style=\"font-weight: 400;\"><br> V\u00e5rt m\u00e5l er \u00e5 gj\u00f8re l\u00f8nnsh\u00e5ndtering problemfritt, slik at du kan konsentrere deg om \u00e5 bygge og utvikle din bedrift.<\/span><\/p>\t\t\t\t\t\t\t\t<\/div>\n\t\t\t\t<\/div>\n\t\t\t\t\t<\/div>\n\t\t<\/div>\n\t\t\t\t<div class=\"elementor-column elementor-col-50 elementor-top-column elementor-element elementor-element-4928262f\" data-id=\"4928262f\" data-element_type=\"column\">\n\t\t\t<div class=\"elementor-widget-wrap elementor-element-populated\">\n\t\t\t\t\t\t<div class=\"elementor-element elementor-element-790e9b47 elementor-widget__width-initial elementor-widget elementor-widget-image\" data-id=\"790e9b47\" data-element_type=\"widget\" data-widget_type=\"image.default\">\n\t\t\t\t<div class=\"elementor-widget-container\">\n\t\t\t\t\t\t\t\t\t\t\t\t\t\t\t<img decoding=\"async\" width=\"768\" height=\"1024\" src=\"https:\/\/mmrconsultant.co.uk\/wp-content\/uploads\/2025\/10\/Skarmavbild-2025-10-04-kl.-21.33.36-768x1024.png\" class=\"attachment-medium_large size-medium_large wp-image-3551\" alt=\"\" srcset=\"https:\/\/mmrconsultant.co.uk\/wp-content\/uploads\/2025\/10\/Skarmavbild-2025-10-04-kl.-21.33.36-768x1024.png 768w, https:\/\/mmrconsultant.co.uk\/wp-content\/uploads\/2025\/10\/Skarmavbild-2025-10-04-kl.-21.33.36-225x300.png 225w, https:\/\/mmrconsultant.co.uk\/wp-content\/uploads\/2025\/10\/Skarmavbild-2025-10-04-kl.-21.33.36-1152x1536.png 1152w, https:\/\/mmrconsultant.co.uk\/wp-content\/uploads\/2025\/10\/Skarmavbild-2025-10-04-kl.-21.33.36-9x12.png 9w, https:\/\/mmrconsultant.co.uk\/wp-content\/uploads\/2025\/10\/Skarmavbild-2025-10-04-kl.-21.33.36.png 1296w\" sizes=\"(max-width: 768px) 100vw, 768px\" \/>\t\t\t\t\t\t\t\t\t\t\t\t\t\t\t<\/div>\n\t\t\t\t<\/div>\n\t\t\t\t\t<\/div>\n\t\t<\/div>\n\t\t\t\t\t<\/div>\n\t\t<\/section>\n\t\t\t\t<section class=\"elementor-section elementor-top-section elementor-element elementor-element-3bb11fa elementor-section-height-min-height elementor-section-boxed elementor-section-height-default elementor-section-items-middle\" data-id=\"3bb11fa\" data-element_type=\"section\" data-settings=\"{&quot;background_background&quot;:&quot;classic&quot;}\">\n\t\t\t\t\t\t<div class=\"elementor-container elementor-column-gap-default\">\n\t\t\t\t\t<div class=\"elementor-column elementor-col-100 elementor-top-column elementor-element elementor-element-091360b\" data-id=\"091360b\" data-element_type=\"column\">\n\t\t\t<div class=\"elementor-widget-wrap elementor-element-populated\">\n\t\t\t\t\t\t<div class=\"elementor-element elementor-element-27a8902 elementor-invisible elementor-widget elementor-widget-heading\" data-id=\"27a8902\" data-element_type=\"widget\" data-settings=\"{&quot;_animation&quot;:&quot;fadeIn&quot;}\" data-widget_type=\"heading.default\">\n\t\t\t\t<div class=\"elementor-widget-container\">\n\t\t\t\t\t<h2 class=\"elementor-heading-title elementor-size-default\">L\u00f8nnsslipper og transparens\n<\/h2>\t\t\t\t<\/div>\n\t\t\t\t<\/div>\n\t\t\t\t<div class=\"elementor-element elementor-element-5057baf elementor-invisible elementor-widget elementor-widget-text-editor\" data-id=\"5057baf\" data-element_type=\"widget\" data-settings=\"{&quot;_animation&quot;:&quot;fadeIn&quot;}\" data-widget_type=\"text-editor.default\">\n\t\t\t\t<div class=\"elementor-widget-container\">\n\t\t\t\t\t\t\t\t\t<p><span style=\"font-weight: 400;\">Tydelige og n\u00f8yaktige l\u00f8nnsslipper er en viktig del av v\u00e5r tjeneste. Gjennom v\u00e5r l\u00f8nnsh\u00e5ndtering i Marbella sikrer vi at ansatte hver m\u00e5ned mottar en detaljert oversikt over l\u00f8nn, skatter og avgifter. Dette bidrar til tillit og et godt forhold mellom arbeidsgiver og ansatte.<\/span><\/p><p><span style=\"font-weight: 400;\">Vi tilpasser v\u00e5re tjenester etter behovene til din virksomhet, enten du driver en liten lokal bedrift eller en internasjonal organisasjon i Spania.<\/span><\/p>\t\t\t\t\t\t\t\t<\/div>\n\t\t\t\t<\/div>\n\t\t\t\t\t<\/div>\n\t\t<\/div>\n\t\t\t\t\t<\/div>\n\t\t<\/section>\n\t\t\t\t<section class=\"elementor-section elementor-top-section elementor-element elementor-element-4d34c18e elementor-section-content-middle elementor-section-boxed elementor-section-height-default elementor-section-height-default\" data-id=\"4d34c18e\" data-element_type=\"section\" data-settings=\"{&quot;background_background&quot;:&quot;classic&quot;}\">\n\t\t\t\t\t\t<div class=\"elementor-container elementor-column-gap-default\">\n\t\t\t\t\t<div class=\"elementor-column elementor-col-100 elementor-top-column elementor-element elementor-element-648475b6\" data-id=\"648475b6\" data-element_type=\"column\">\n\t\t\t<div class=\"elementor-widget-wrap elementor-element-populated\">\n\t\t\t\t\t\t<div class=\"elementor-element elementor-element-6fec6a7a elementor-widget__width-initial elementor-widget elementor-widget-heading\" data-id=\"6fec6a7a\" data-element_type=\"widget\" data-widget_type=\"heading.default\">\n\t\t\t\t<div class=\"elementor-widget-container\">\n\t\t\t\t\t<h2 class=\"elementor-heading-title elementor-size-default\">Din partner for l\u00f8nnsh\u00e5ndtering p\u00e5 Costa del Sol<\/h2>\t\t\t\t<\/div>\n\t\t\t\t<\/div>\n\t\t\t\t<div class=\"elementor-element elementor-element-307367f8 elementor-widget__width-initial elementor-widget elementor-widget-text-editor\" data-id=\"307367f8\" data-element_type=\"widget\" data-widget_type=\"text-editor.default\">\n\t\t\t\t<div class=\"elementor-widget-container\">\n\t\t\t\t\t\t\t\t\t<p><span style=\"font-weight: 400;\">Hos MMR Consultant vet vi at l\u00f8nnsh\u00e5ndtering er mer enn administrasjon, det er grunnlaget for forn\u00f8yde ansatte og trygg etterlevelse av lover og regler. Med v\u00e5r erfaring, presisjon og dedikasjon er vi en p\u00e5litelig partner for selskaper i alle st\u00f8rrelser.<\/span><\/p><p><span style=\"font-weight: 400;\">Velg MMR Consultant for profesjonell l\u00f8nnsh\u00e5ndtering i Marbella. Kontakt oss i dag, s\u00e5 tar vi oss av detaljene mens du fokuserer p\u00e5 vekst og suksess.<\/span><\/p>\t\t\t\t\t\t\t\t<\/div>\n\t\t\t\t<\/div>\n\t\t\t\t\t<\/div>\n\t\t<\/div>\n\t\t\t\t\t<\/div>\n\t\t<\/section>\n\t\t\t\t<\/div>","protected":false},"excerpt":{"rendered":"<p>Payroll services in Marbella MMR Consultant Managing payroll can be a time-consuming and complex task for any business. MMR Consultant provide professional payroll services in Marbella designed to make the process simple, accurate, and fully compliant with Spanish labour law. Whether you run a small business or a large organisation, our dedicated payroll team ensures [&hellip;]<\/p>","protected":false},"author":1,"featured_media":0,"parent":0,"menu_order":0,"comment_status":"closed","ping_status":"closed","template":"","meta":{"footnotes":""},"class_list":["post-4249","page","type-page","status-publish","hentry"],"yoast_head":"<!-- This site is optimized with the Yoast SEO plugin v26.3 - https:\/\/yoast.com\/wordpress\/plugins\/seo\/ -->\n<title>Payroll services in Marbella - Payslip management<\/title>\n<meta name=\"description\" content=\"Looking for payroll services in Marbella? We provide expert payslip services, payroll management and compliance for businesses. Contact us today!\" \/>\n<meta name=\"robots\" content=\"index, follow, max-snippet:-1, max-image-preview:large, max-video-preview:-1\" \/>\n<link rel=\"canonical\" href=\"https:\/\/mmrconsultant.co.uk\/no\/lonnshandtering-marbella\/\" \/>\n<meta property=\"og:locale\" content=\"nb_NO\" \/>\n<meta property=\"og:type\" content=\"article\" \/>\n<meta property=\"og:title\" content=\"Payroll services in Marbella - Payslip management\" \/>\n<meta property=\"og:description\" content=\"Looking for payroll services in Marbella? We provide expert payslip services, payroll management and compliance for businesses. Contact us today!\" \/>\n<meta property=\"og:url\" content=\"https:\/\/mmrconsultant.co.uk\/no\/lonnshandtering-marbella\/\" \/>\n<meta property=\"og:site_name\" content=\"MMR Consultant\" \/>\n<meta property=\"article:modified_time\" content=\"2026-03-31T09:09:45+00:00\" \/>\n<meta property=\"og:image\" content=\"https:\/\/mmrconsultant.co.uk\/wp-content\/uploads\/2025\/11\/image5.webp\" \/>\n\t<meta property=\"og:image:width\" content=\"985\" \/>\n\t<meta property=\"og:image:height\" content=\"1175\" \/>\n\t<meta property=\"og:image:type\" content=\"image\/webp\" \/>\n<meta name=\"twitter:card\" content=\"summary_large_image\" \/>\n<meta name=\"twitter:label1\" content=\"Ansl. lesetid\" \/>\n\t<meta name=\"twitter:data1\" content=\"3 minutter\" \/>\n<script type=\"application\/ld+json\" class=\"yoast-schema-graph\">{\"@context\":\"https:\/\/schema.org\",\"@graph\":[{\"@type\":\"WebPage\",\"@id\":\"https:\/\/mmrconsultant.co.uk\/payrolls-marbella\/\",\"url\":\"https:\/\/mmrconsultant.co.uk\/payrolls-marbella\/\",\"name\":\"Payroll services in Marbella - Payslip management\",\"isPartOf\":{\"@id\":\"https:\/\/mmrconsultant.co.uk\/#website\"},\"primaryImageOfPage\":{\"@id\":\"https:\/\/mmrconsultant.co.uk\/payrolls-marbella\/#primaryimage\"},\"image\":{\"@id\":\"https:\/\/mmrconsultant.co.uk\/payrolls-marbella\/#primaryimage\"},\"thumbnailUrl\":\"https:\/\/mmrconsultant.co.uk\/wp-content\/uploads\/2025\/11\/image5-768x916.webp\",\"datePublished\":\"2026-03-31T09:06:19+00:00\",\"dateModified\":\"2026-03-31T09:09:45+00:00\",\"description\":\"Looking for payroll services in Marbella? We provide expert payslip services, payroll management and compliance for businesses. Contact us today!\",\"breadcrumb\":{\"@id\":\"https:\/\/mmrconsultant.co.uk\/payrolls-marbella\/#breadcrumb\"},\"inLanguage\":\"nb-NO\",\"potentialAction\":[{\"@type\":\"ReadAction\",\"target\":[\"https:\/\/mmrconsultant.co.uk\/payrolls-marbella\/\"]}]},{\"@type\":\"ImageObject\",\"inLanguage\":\"nb-NO\",\"@id\":\"https:\/\/mmrconsultant.co.uk\/payrolls-marbella\/#primaryimage\",\"url\":\"https:\/\/mmrconsultant.co.uk\/wp-content\/uploads\/2025\/11\/image5-768x916.webp\",\"contentUrl\":\"https:\/\/mmrconsultant.co.uk\/wp-content\/uploads\/2025\/11\/image5-768x916.webp\"},{\"@type\":\"BreadcrumbList\",\"@id\":\"https:\/\/mmrconsultant.co.uk\/payrolls-marbella\/#breadcrumb\",\"itemListElement\":[{\"@type\":\"ListItem\",\"position\":1,\"name\":\"Home\",\"item\":\"https:\/\/mmrconsultant.co.uk\/\"},{\"@type\":\"ListItem\",\"position\":2,\"name\":\"Payrolls Marbella\"}]},{\"@type\":\"WebSite\",\"@id\":\"https:\/\/mmrconsultant.co.uk\/#website\",\"url\":\"https:\/\/mmrconsultant.co.uk\/\",\"name\":\"MMR Consultant\",\"description\":\"Marbella Taxes and Law\",\"potentialAction\":[{\"@type\":\"SearchAction\",\"target\":{\"@type\":\"EntryPoint\",\"urlTemplate\":\"https:\/\/mmrconsultant.co.uk\/?s={search_term_string}\"},\"query-input\":{\"@type\":\"PropertyValueSpecification\",\"valueRequired\":true,\"valueName\":\"search_term_string\"}}],\"inLanguage\":\"nb-NO\"}]}<\/script>\n<!-- \/ Yoast SEO plugin. -->","yoast_head_json":{"title":"L\u00f8nnsh\u00e5ndtering i Marbella - L\u00f8nnsadministrasjon","description":"Trenger du hjelp med l\u00f8nnsh\u00e5ndtering i Marbella? Vi tilbyr profesjonell l\u00f8nnsadministrasjon og tjenester for selskaper i alle st\u00f8rrelser. Kontakt oss i dag.","robots":{"index":"index","follow":"follow","max-snippet":"max-snippet:-1","max-image-preview":"max-image-preview:large","max-video-preview":"max-video-preview:-1"},"canonical":"https:\/\/mmrconsultant.co.uk\/no\/lonnshandtering-marbella\/","og_locale":"nb_NO","og_type":"article","og_title":"Payroll services in Marbella - Payslip management","og_description":"Looking for payroll services in Marbella? We provide expert payslip services, payroll management and compliance for businesses. Contact us today!","og_url":"https:\/\/mmrconsultant.co.uk\/no\/lonnshandtering-marbella\/","og_site_name":"MMR Consultant","article_modified_time":"2026-03-31T09:09:45+00:00","og_image":[{"width":985,"height":1175,"url":"https:\/\/mmrconsultant.co.uk\/wp-content\/uploads\/2025\/11\/image5.webp","type":"image\/webp"}],"twitter_card":"summary_large_image","twitter_misc":{"Ansl. lesetid":"3 minutter"},"schema":{"@context":"https:\/\/schema.org","@graph":[{"@type":"WebPage","@id":"https:\/\/mmrconsultant.co.uk\/payrolls-marbella\/","url":"https:\/\/mmrconsultant.co.uk\/payrolls-marbella\/","name":"L\u00f8nnsh\u00e5ndtering i Marbella - L\u00f8nnsadministrasjon","isPartOf":{"@id":"https:\/\/mmrconsultant.co.uk\/#website"},"primaryImageOfPage":{"@id":"https:\/\/mmrconsultant.co.uk\/payrolls-marbella\/#primaryimage"},"image":{"@id":"https:\/\/mmrconsultant.co.uk\/payrolls-marbella\/#primaryimage"},"thumbnailUrl":"https:\/\/mmrconsultant.co.uk\/wp-content\/uploads\/2025\/11\/image5-768x916.webp","datePublished":"2026-03-31T09:06:19+00:00","dateModified":"2026-03-31T09:09:45+00:00","description":"Trenger du hjelp med l\u00f8nnsh\u00e5ndtering i Marbella? Vi tilbyr profesjonell l\u00f8nnsadministrasjon og tjenester for selskaper i alle st\u00f8rrelser. Kontakt oss i dag.","breadcrumb":{"@id":"https:\/\/mmrconsultant.co.uk\/payrolls-marbella\/#breadcrumb"},"inLanguage":"nb-NO","potentialAction":[{"@type":"ReadAction","target":["https:\/\/mmrconsultant.co.uk\/payrolls-marbella\/"]}]},{"@type":"ImageObject","inLanguage":"nb-NO","@id":"https:\/\/mmrconsultant.co.uk\/payrolls-marbella\/#primaryimage","url":"https:\/\/mmrconsultant.co.uk\/wp-content\/uploads\/2025\/11\/image5-768x916.webp","contentUrl":"https:\/\/mmrconsultant.co.uk\/wp-content\/uploads\/2025\/11\/image5-768x916.webp"},{"@type":"BreadcrumbList","@id":"https:\/\/mmrconsultant.co.uk\/payrolls-marbella\/#breadcrumb","itemListElement":[{"@type":"ListItem","position":1,"name":"Home","item":"https:\/\/mmrconsultant.co.uk\/"},{"@type":"ListItem","position":2,"name":"Payrolls Marbella"}]},{"@type":"WebSite","@id":"https:\/\/mmrconsultant.co.uk\/#website","url":"https:\/\/mmrconsultant.co.uk\/","name":"MMR Consultant","description":"Marbella Taxes and Law","potentialAction":[{"@type":"SearchAction","target":{"@type":"EntryPoint","urlTemplate":"https:\/\/mmrconsultant.co.uk\/?s={search_term_string}"},"query-input":{"@type":"PropertyValueSpecification","valueRequired":true,"valueName":"search_term_string"}}],"inLanguage":"nb-NO"}]}},"_links":{"self":[{"href":"https:\/\/mmrconsultant.co.uk\/no\/wp-json\/wp\/v2\/pages\/4249","targetHints":{"allow":["GET"]}}],"collection":[{"href":"https:\/\/mmrconsultant.co.uk\/no\/wp-json\/wp\/v2\/pages"}],"about":[{"href":"https:\/\/mmrconsultant.co.uk\/no\/wp-json\/wp\/v2\/types\/page"}],"author":[{"embeddable":true,"href":"https:\/\/mmrconsultant.co.uk\/no\/wp-json\/wp\/v2\/users\/1"}],"replies":[{"embeddable":true,"href":"https:\/\/mmrconsultant.co.uk\/no\/wp-json\/wp\/v2\/comments?post=4249"}],"version-history":[{"count":7,"href":"https:\/\/mmrconsultant.co.uk\/no\/wp-json\/wp\/v2\/pages\/4249\/revisions"}],"predecessor-version":[{"id":4256,"href":"https:\/\/mmrconsultant.co.uk\/no\/wp-json\/wp\/v2\/pages\/4249\/revisions\/4256"}],"wp:attachment":[{"href":"https:\/\/mmrconsultant.co.uk\/no\/wp-json\/wp\/v2\/media?parent=4249"}],"curies":[{"name":"wp","href":"https:\/\/api.w.org\/{rel}","templated":true}]}}