{"id":4186,"date":"2026-02-02T14:57:38","date_gmt":"2026-02-02T14:57:38","guid":{"rendered":"https:\/\/mmrconsultant.co.uk\/?page_id=4186"},"modified":"2026-02-02T15:00:36","modified_gmt":"2026-02-02T15:00:36","slug":"tax-services-marbella","status":"publish","type":"page","link":"https:\/\/mmrconsultant.co.uk\/no\/tax-services-marbella\/","title":{"rendered":"Tax services Marbella"},"content":{"rendered":"<div data-elementor-type=\"wp-page\" data-elementor-id=\"4186\" class=\"elementor elementor-4186\" data-elementor-post-type=\"page\">\n\t\t\t\t\t\t<section class=\"elementor-section elementor-top-section elementor-element elementor-element-10edb8d9 elementor-section-height-min-height elementor-section-full_width elementor-section-height-default elementor-section-items-middle\" data-id=\"10edb8d9\" data-element_type=\"section\" data-settings=\"{&quot;background_background&quot;:&quot;classic&quot;}\">\n\t\t\t\t\t\t<div class=\"elementor-container elementor-column-gap-default\">\n\t\t\t\t\t<div class=\"elementor-column elementor-col-100 elementor-top-column elementor-element elementor-element-b92d07b\" data-id=\"b92d07b\" data-element_type=\"column\">\n\t\t\t<div class=\"elementor-widget-wrap elementor-element-populated\">\n\t\t\t\t\t\t<div class=\"elementor-element elementor-element-afee69a elementor-widget-mobile__width-initial elementor-widget elementor-widget-heading\" data-id=\"afee69a\" data-element_type=\"widget\" data-widget_type=\"heading.default\">\n\t\t\t\t<div class=\"elementor-widget-container\">\n\t\t\t\t\t<h1 class=\"elementor-heading-title elementor-size-default\">Profesjonell skatter\u00e5dgivning i Marbella<\/h1>\t\t\t\t<\/div>\n\t\t\t\t<\/div>\n\t\t\t\t\t<\/div>\n\t\t<\/div>\n\t\t\t\t\t<\/div>\n\t\t<\/section>\n\t\t\t\t<section class=\"elementor-section elementor-top-section elementor-element elementor-element-d5f2feb elementor-section-boxed elementor-section-height-default elementor-section-height-default\" data-id=\"d5f2feb\" data-element_type=\"section\" data-settings=\"{&quot;background_background&quot;:&quot;classic&quot;}\">\n\t\t\t\t\t\t<div class=\"elementor-container elementor-column-gap-default\">\n\t\t\t\t\t<div class=\"elementor-column elementor-col-50 elementor-top-column elementor-element elementor-element-defe9e5\" data-id=\"defe9e5\" data-element_type=\"column\">\n\t\t\t<div class=\"elementor-widget-wrap elementor-element-populated\">\n\t\t\t\t\t\t<div class=\"elementor-element elementor-element-70027b9c elementor-hidden-tablet elementor-hidden-mobile elementor-widget elementor-widget-text-editor\" data-id=\"70027b9c\" data-element_type=\"widget\" data-widget_type=\"text-editor.default\">\n\t\t\t\t<div class=\"elementor-widget-container\">\n\t\t\t\t\t\t\t\t\t<p>MMR Consultant<\/p>\t\t\t\t\t\t\t\t<\/div>\n\t\t\t\t<\/div>\n\t\t\t\t<div class=\"elementor-element elementor-element-1ac0c74e elementor-widget__width-initial elementor-widget elementor-widget-heading\" data-id=\"1ac0c74e\" data-element_type=\"widget\" data-widget_type=\"heading.default\">\n\t\t\t\t<div class=\"elementor-widget-container\">\n\t\t\t\t\t<h3 class=\"elementor-heading-title elementor-size-default\">Skatter\u00e5dgivning<\/h3>\t\t\t\t<\/div>\n\t\t\t\t<\/div>\n\t\t\t\t<div class=\"elementor-element elementor-element-7b343611 elementor-widget-divider--view-line elementor-widget elementor-widget-divider\" data-id=\"7b343611\" data-element_type=\"widget\" data-widget_type=\"divider.default\">\n\t\t\t\t<div class=\"elementor-widget-container\">\n\t\t\t\t\t\t\t<div class=\"elementor-divider\">\n\t\t\t<span class=\"elementor-divider-separator\">\n\t\t\t\t\t\t<\/span>\n\t\t<\/div>\n\t\t\t\t\t\t<\/div>\n\t\t\t\t<\/div>\n\t\t\t\t\t<\/div>\n\t\t<\/div>\n\t\t\t\t<div class=\"elementor-column elementor-col-50 elementor-top-column elementor-element elementor-element-5d77e34\" data-id=\"5d77e34\" data-element_type=\"column\">\n\t\t\t<div class=\"elementor-widget-wrap elementor-element-populated\">\n\t\t\t\t\t\t<div class=\"elementor-element elementor-element-391875f elementor-widget__width-initial elementor-widget elementor-widget-text-editor\" data-id=\"391875f\" data-element_type=\"widget\" data-widget_type=\"text-editor.default\">\n\t\t\t\t<div class=\"elementor-widget-container\">\n\t\t\t\t\t\t\t\t\t<p>Trenger du trygg og strategisk skatter\u00e5dgivning i Marbella? Enten du er privatperson eller driver virksomhet, bosatt i Spania eller ikke, tilbyr MMR Consultant tilpassede og helhetlige skattetjenester som gir deg oversikt og optimal beskatning. Med kontor i Marbella hjelper vi b\u00e5de nasjonale og internasjonale kunder med planlegging, etterlevelse og juridisk st\u00f8tte.<\/p><p>Kontakt oss i dag og f\u00e5 skatter\u00e5dgivning som gir deg kontroll og trygghet.<\/p>\t\t\t\t\t\t\t\t<\/div>\n\t\t\t\t<\/div>\n\t\t\t\t\t<\/div>\n\t\t<\/div>\n\t\t\t\t\t<\/div>\n\t\t<\/section>\n\t\t\t\t<section class=\"elementor-section elementor-top-section elementor-element elementor-element-55fe395 elementor-section-boxed elementor-section-height-default elementor-section-height-default\" data-id=\"55fe395\" data-element_type=\"section\" data-settings=\"{&quot;background_background&quot;:&quot;classic&quot;}\">\n\t\t\t\t\t\t<div class=\"elementor-container elementor-column-gap-default\">\n\t\t\t\t\t<div class=\"elementor-column elementor-col-50 elementor-top-column elementor-element elementor-element-33e4b3c\" data-id=\"33e4b3c\" data-element_type=\"column\">\n\t\t\t<div class=\"elementor-widget-wrap elementor-element-populated\">\n\t\t\t\t\t\t<div class=\"elementor-element elementor-element-cd997b2 elementor-widget__width-initial elementor-widget elementor-widget-image\" data-id=\"cd997b2\" data-element_type=\"widget\" data-widget_type=\"image.default\">\n\t\t\t\t<div class=\"elementor-widget-container\">\n\t\t\t\t\t\t\t\t\t\t\t\t\t\t\t<img fetchpriority=\"high\" decoding=\"async\" width=\"768\" height=\"555\" src=\"https:\/\/mmrconsultant.co.uk\/wp-content\/uploads\/2025\/11\/image22-768x555.webp\" class=\"attachment-medium_large size-medium_large wp-image-4016\" alt=\"\" srcset=\"https:\/\/mmrconsultant.co.uk\/wp-content\/uploads\/2025\/11\/image22-768x555.webp 768w, https:\/\/mmrconsultant.co.uk\/wp-content\/uploads\/2025\/11\/image22-300x217.webp 300w, https:\/\/mmrconsultant.co.uk\/wp-content\/uploads\/2025\/11\/image22-1024x740.webp 1024w, https:\/\/mmrconsultant.co.uk\/wp-content\/uploads\/2025\/11\/image22-18x12.webp 18w, https:\/\/mmrconsultant.co.uk\/wp-content\/uploads\/2025\/11\/image22.webp 1475w\" sizes=\"(max-width: 768px) 100vw, 768px\" \/>\t\t\t\t\t\t\t\t\t\t\t\t\t\t\t<\/div>\n\t\t\t\t<\/div>\n\t\t\t\t\t<\/div>\n\t\t<\/div>\n\t\t\t\t<div class=\"elementor-column elementor-col-50 elementor-top-column elementor-element elementor-element-525ed5e\" data-id=\"525ed5e\" data-element_type=\"column\">\n\t\t\t<div class=\"elementor-widget-wrap elementor-element-populated\">\n\t\t\t\t\t\t<div class=\"elementor-element elementor-element-6f40d41 elementor-widget elementor-widget-heading\" data-id=\"6f40d41\" data-element_type=\"widget\" data-widget_type=\"heading.default\">\n\t\t\t\t<div class=\"elementor-widget-container\">\n\t\t\t\t\t<h2 class=\"elementor-heading-title elementor-size-default\">Skreddersydde skattetjenester i Marbella\n<\/h2>\t\t\t\t<\/div>\n\t\t\t\t<\/div>\n\t\t\t\t<div class=\"elementor-element elementor-element-44be6fb elementor-widget__width-initial elementor-widget elementor-widget-text-editor\" data-id=\"44be6fb\" data-element_type=\"widget\" data-widget_type=\"text-editor.default\">\n\t\t\t\t<div class=\"elementor-widget-container\">\n\t\t\t\t\t\t\t\t\t<p><span style=\"font-weight: 400;\">V\u00e5rt m\u00e5l er \u00e5 hjelpe deg med \u00e5 dra nytte av nasjonale og internasjonale skatteregler. Med teknisk presisjon og et sterkt kundefokus tilbyr vi avanserte skattetjenester i Marbella, skreddersydd for b\u00e5de privatpersoner og bedrifter.<\/span><\/p><p><span style=\"font-weight: 400;\">Vi bist\u00e5r med:<\/span><\/p><ul><li style=\"font-weight: 400;\" aria-level=\"1\"><b>Inntektsskatt (bosatte og ikke-bosatte)<\/b><span style=\"font-weight: 400;\">: Skatteplanlegging for personer og selskaper, inkludert gjennomgang av \u00f8konomi og transaksjoner<\/span><\/li><li style=\"font-weight: 400;\" aria-level=\"1\"><b>Selskapsbeskatning<\/b><span style=\"font-weight: 400;\">: Optimalisering basert p\u00e5 regnskapsanalyse og boksluttsarbeid\u00a0<\/span><\/li><li style=\"font-weight: 400;\" aria-level=\"1\"><b>Merverdiavgift (IVA)<\/b><span style=\"font-weight: 400;\">: R\u00e5dgivning for virksomheter innenfor og utenfor EU, inkludert spesialregimer<\/span><\/li><li style=\"font-weight: 400;\" aria-level=\"1\"><b>Arv- og gaveavgift<\/b><span style=\"font-weight: 400;\">: Komplett r\u00e5dgivning for bosatte og ikke-bosatte<\/span><\/li><li style=\"font-weight: 400;\" aria-level=\"1\"><b>Dokumentavgift og overf\u00f8ringsskatt<\/b><span style=\"font-weight: 400;\">: Juridisk bistand ved eiendomsoverdragelser og andre transaksjoner<\/span><\/li><li style=\"font-weight: 400;\" aria-level=\"1\"><b>Skatteprosesser<\/b><span style=\"font-weight: 400;\">: Juridisk representasjon ved revisjoner, kontroll og tvister \u2013 b\u00e5de administrativt og i retten<\/span><\/li><\/ul>\t\t\t\t\t\t\t\t<\/div>\n\t\t\t\t<\/div>\n\t\t\t\t\t<\/div>\n\t\t<\/div>\n\t\t\t\t\t<\/div>\n\t\t<\/section>\n\t\t\t\t<section class=\"elementor-section elementor-top-section elementor-element elementor-element-bdda71f elementor-section-boxed elementor-section-height-default elementor-section-height-default\" data-id=\"bdda71f\" data-element_type=\"section\" data-settings=\"{&quot;background_background&quot;:&quot;classic&quot;}\">\n\t\t\t\t\t\t<div class=\"elementor-container elementor-column-gap-default\">\n\t\t\t\t\t<div class=\"elementor-column elementor-col-50 elementor-top-column elementor-element elementor-element-4c9bdad\" data-id=\"4c9bdad\" data-element_type=\"column\">\n\t\t\t<div class=\"elementor-widget-wrap elementor-element-populated\">\n\t\t\t\t\t\t<div class=\"elementor-element elementor-element-6de7168 elementor-widget elementor-widget-heading\" data-id=\"6de7168\" data-element_type=\"widget\" data-widget_type=\"heading.default\">\n\t\t\t\t<div class=\"elementor-widget-container\">\n\t\t\t\t\t<h2 class=\"elementor-heading-title elementor-size-default\">Din skatter\u00e5dgiver i Marbella \u2013 med internasjonal erfaring<\/h2>\t\t\t\t<\/div>\n\t\t\t\t<\/div>\n\t\t\t\t<div class=\"elementor-element elementor-element-7502aaa elementor-widget__width-initial elementor-widget elementor-widget-text-editor\" data-id=\"7502aaa\" data-element_type=\"widget\" data-widget_type=\"text-editor.default\">\n\t\t\t\t<div class=\"elementor-widget-container\">\n\t\t\t\t\t\t\t\t\t<p><span style=\"font-weight: 400;\">Som erfaren skatter\u00e5dgiver i Marbella har vi s\u00e6rskilt kompetanse p\u00e5 investeringer gjort av ikke-bosatte. Vi vurderer investeringen, anbefaler struktur og h\u00e5ndterer hele prosessen, b\u00e5de juridisk og skattemessig.<\/span><\/p><p><strong>Vi tilbyr ogs\u00e5:<\/strong><\/p><ul><li style=\"font-weight: 400;\" aria-level=\"1\"><b>Skatterevisjoner<\/b><span style=\"font-weight: 400;\"> for bedrifter, inkludert risikovurdering og analyse av skatteforpliktelser<\/span><\/li><li style=\"font-weight: 400;\" aria-level=\"1\"><b>Internasjonal skatteplanlegging<\/b><span style=\"font-weight: 400;\"> og etablering av strukturer for grenseoverskridende virksomhet<\/span><\/li><li style=\"font-weight: 400;\" aria-level=\"1\"><b>Skatterepresentasjon<\/b><span style=\"font-weight: 400;\"> for ikke-bosatte privatpersoner og selskaper overfor spanske skattemyndigheter<\/span><\/li><li style=\"font-weight: 400;\" aria-level=\"1\"><b>Tolkning av skattelovgivning,<\/b><span style=\"font-weight: 400;\">inkludert henvendelser til spansk skattemyndighet og analyse av rettspraksis<\/span><\/li><li style=\"font-weight: 400;\" aria-level=\"1\"><b>Selskapsstiftelse og restrukturering,<\/b><span style=\"font-weight: 400;\">inkludert fusjoner, fisjoner og skattegunstige ordninger<\/span><\/li><li style=\"font-weight: 400;\" aria-level=\"1\"><b>Reaktivering av virksomheter,<\/b><span style=\"font-weight: 400;\"><span style=\"font-weight: 400;\">med st\u00f8tte til bokf\u00f8ring og krav fra finans og foretaksregisteret<\/span><\/span><\/li><\/ul><p><span style=\"font-weight: 400;\">Vi gir ikke bare generelle r\u00e5d, vi tilbyr langsiktig skatteekspertise som styrker b\u00e5de \u00f8konomien og tryggheten din i Spania.<\/span><\/p>\t\t\t\t\t\t\t\t<\/div>\n\t\t\t\t<\/div>\n\t\t\t\t\t<\/div>\n\t\t<\/div>\n\t\t\t\t<div class=\"elementor-column elementor-col-50 elementor-top-column elementor-element elementor-element-415b7bf\" data-id=\"415b7bf\" data-element_type=\"column\">\n\t\t\t<div class=\"elementor-widget-wrap elementor-element-populated\">\n\t\t\t\t\t\t<div class=\"elementor-element elementor-element-6405cb3 elementor-widget__width-initial elementor-widget elementor-widget-image\" data-id=\"6405cb3\" data-element_type=\"widget\" data-widget_type=\"image.default\">\n\t\t\t\t<div class=\"elementor-widget-container\">\n\t\t\t\t\t\t\t\t\t\t\t\t\t\t\t<img decoding=\"async\" width=\"768\" height=\"1152\" src=\"https:\/\/mmrconsultant.co.uk\/wp-content\/uploads\/2025\/10\/workplace-2025-04-01-20-49-47-utc-768x1152.jpg\" class=\"attachment-medium_large size-medium_large wp-image-3536\" alt=\"\" srcset=\"https:\/\/mmrconsultant.co.uk\/wp-content\/uploads\/2025\/10\/workplace-2025-04-01-20-49-47-utc-768x1152.jpg 768w, https:\/\/mmrconsultant.co.uk\/wp-content\/uploads\/2025\/10\/workplace-2025-04-01-20-49-47-utc-200x300.jpg 200w, https:\/\/mmrconsultant.co.uk\/wp-content\/uploads\/2025\/10\/workplace-2025-04-01-20-49-47-utc-683x1024.jpg 683w, https:\/\/mmrconsultant.co.uk\/wp-content\/uploads\/2025\/10\/workplace-2025-04-01-20-49-47-utc-1024x1536.jpg 1024w, https:\/\/mmrconsultant.co.uk\/wp-content\/uploads\/2025\/10\/workplace-2025-04-01-20-49-47-utc-1365x2048.jpg 1365w, https:\/\/mmrconsultant.co.uk\/wp-content\/uploads\/2025\/10\/workplace-2025-04-01-20-49-47-utc-8x12.jpg 8w, https:\/\/mmrconsultant.co.uk\/wp-content\/uploads\/2025\/10\/workplace-2025-04-01-20-49-47-utc-scaled.jpg 1707w\" sizes=\"(max-width: 768px) 100vw, 768px\" \/>\t\t\t\t\t\t\t\t\t\t\t\t\t\t\t<\/div>\n\t\t\t\t<\/div>\n\t\t\t\t\t<\/div>\n\t\t<\/div>\n\t\t\t\t\t<\/div>\n\t\t<\/section>\n\t\t\t\t<section class=\"elementor-section elementor-top-section elementor-element elementor-element-2bb080d elementor-section-content-middle elementor-section-boxed elementor-section-height-default elementor-section-height-default\" data-id=\"2bb080d\" data-element_type=\"section\" data-settings=\"{&quot;background_background&quot;:&quot;classic&quot;}\">\n\t\t\t\t\t\t<div class=\"elementor-container elementor-column-gap-default\">\n\t\t\t\t\t<div class=\"elementor-column elementor-col-100 elementor-top-column elementor-element elementor-element-1a1dbb5\" data-id=\"1a1dbb5\" data-element_type=\"column\">\n\t\t\t<div class=\"elementor-widget-wrap elementor-element-populated\">\n\t\t\t\t\t\t<div class=\"elementor-element elementor-element-79a7f09 elementor-widget__width-initial elementor-widget elementor-widget-heading\" data-id=\"79a7f09\" data-element_type=\"widget\" data-widget_type=\"heading.default\">\n\t\t\t\t<div class=\"elementor-widget-container\">\n\t\t\t\t\t<h2 class=\"elementor-heading-title elementor-size-default\">Jobb med en skatter\u00e5dgiver i Marbella du kan stole p\u00e5\n<\/h2>\t\t\t\t<\/div>\n\t\t\t\t<\/div>\n\t\t\t\t<div class=\"elementor-element elementor-element-f84a4d3 elementor-widget__width-initial elementor-widget elementor-widget-text-editor\" data-id=\"f84a4d3\" data-element_type=\"widget\" data-widget_type=\"text-editor.default\">\n\t\t\t\t<div class=\"elementor-widget-container\">\n\t\t\t\t\t\t\t\t\t<p><span style=\"font-weight: 400;\">Hos MMR Consultant kombinerer vi juridisk ekspertise med praktisk skatteforst\u00e5else. Vi er din p\u00e5litelige skatter\u00e5dgiver i Marbella, klare til \u00e5 veilede deg gjennom alle skattekrav og muligheter, b\u00e5de nasjonalt og internasjonalt. Kontakt oss i dag og sikre trygg, korrekt og strategisk skatteh\u00e5ndtering.<\/span><\/p>\t\t\t\t\t\t\t\t<\/div>\n\t\t\t\t<\/div>\n\t\t\t\t\t<\/div>\n\t\t<\/div>\n\t\t\t\t\t<\/div>\n\t\t<\/section>\n\t\t\t\t<\/div>","protected":false},"excerpt":{"rendered":"<p>Expert tax advice in Marbella MMR Consultant Tax advice Are you looking for reliable tax advice in Marbella? Whether you are a private individual or a company, resident or non-resident, MMR Consultant provides comprehensive tax services tailored to your situation. With offices in Marbella, our specialised tax department supports both local and international clients with [&hellip;]<\/p>","protected":false},"author":1,"featured_media":0,"parent":0,"menu_order":0,"comment_status":"closed","ping_status":"closed","template":"","meta":{"footnotes":""},"class_list":["post-4186","page","type-page","status-publish","hentry"],"yoast_head":"<!-- This site is optimized with the Yoast SEO plugin v26.3 - https:\/\/yoast.com\/wordpress\/plugins\/seo\/ -->\n<title>Tax services in Marbella - Expert advice &amp; consultant<\/title>\n<meta name=\"description\" content=\"Looking for tax advice in Marbella? We offer tailored tax services for residents &amp; non-residents. Speak to a trusted tax consultant today!\" \/>\n<meta name=\"robots\" content=\"index, follow, max-snippet:-1, max-image-preview:large, max-video-preview:-1\" \/>\n<link rel=\"canonical\" href=\"https:\/\/mmrconsultant.co.uk\/no\/tax-services-marbella\/\" \/>\n<meta property=\"og:locale\" content=\"nb_NO\" \/>\n<meta property=\"og:type\" content=\"article\" \/>\n<meta property=\"og:title\" content=\"Tax services in Marbella - Expert advice &amp; consultant\" \/>\n<meta property=\"og:description\" content=\"Looking for tax advice in Marbella? We offer tailored tax services for residents &amp; non-residents. Speak to a trusted tax consultant today!\" \/>\n<meta property=\"og:url\" content=\"https:\/\/mmrconsultant.co.uk\/no\/tax-services-marbella\/\" \/>\n<meta property=\"og:site_name\" content=\"MMR Consultant\" \/>\n<meta property=\"article:modified_time\" content=\"2026-02-02T15:00:36+00:00\" \/>\n<meta property=\"og:image\" content=\"https:\/\/mmrconsultant.co.uk\/wp-content\/uploads\/2025\/11\/image22.webp\" \/>\n\t<meta property=\"og:image:width\" content=\"1475\" \/>\n\t<meta property=\"og:image:height\" content=\"1066\" \/>\n\t<meta property=\"og:image:type\" content=\"image\/webp\" \/>\n<meta name=\"twitter:card\" content=\"summary_large_image\" \/>\n<meta name=\"twitter:label1\" content=\"Ansl. lesetid\" \/>\n\t<meta name=\"twitter:data1\" content=\"3 minutter\" \/>\n<script type=\"application\/ld+json\" class=\"yoast-schema-graph\">{\"@context\":\"https:\/\/schema.org\",\"@graph\":[{\"@type\":\"WebPage\",\"@id\":\"https:\/\/mmrconsultant.co.uk\/tax-services-marbella\/\",\"url\":\"https:\/\/mmrconsultant.co.uk\/tax-services-marbella\/\",\"name\":\"Tax services in Marbella - Expert advice & consultant\",\"isPartOf\":{\"@id\":\"https:\/\/mmrconsultant.co.uk\/#website\"},\"primaryImageOfPage\":{\"@id\":\"https:\/\/mmrconsultant.co.uk\/tax-services-marbella\/#primaryimage\"},\"image\":{\"@id\":\"https:\/\/mmrconsultant.co.uk\/tax-services-marbella\/#primaryimage\"},\"thumbnailUrl\":\"https:\/\/mmrconsultant.co.uk\/wp-content\/uploads\/2025\/11\/image22-768x555.webp\",\"datePublished\":\"2026-02-02T14:57:38+00:00\",\"dateModified\":\"2026-02-02T15:00:36+00:00\",\"description\":\"Looking for tax advice in Marbella? We offer tailored tax services for residents & non-residents. Speak to a trusted tax consultant today!\",\"breadcrumb\":{\"@id\":\"https:\/\/mmrconsultant.co.uk\/tax-services-marbella\/#breadcrumb\"},\"inLanguage\":\"nb-NO\",\"potentialAction\":[{\"@type\":\"ReadAction\",\"target\":[\"https:\/\/mmrconsultant.co.uk\/tax-services-marbella\/\"]}]},{\"@type\":\"ImageObject\",\"inLanguage\":\"nb-NO\",\"@id\":\"https:\/\/mmrconsultant.co.uk\/tax-services-marbella\/#primaryimage\",\"url\":\"https:\/\/mmrconsultant.co.uk\/wp-content\/uploads\/2025\/11\/image22-768x555.webp\",\"contentUrl\":\"https:\/\/mmrconsultant.co.uk\/wp-content\/uploads\/2025\/11\/image22-768x555.webp\"},{\"@type\":\"BreadcrumbList\",\"@id\":\"https:\/\/mmrconsultant.co.uk\/tax-services-marbella\/#breadcrumb\",\"itemListElement\":[{\"@type\":\"ListItem\",\"position\":1,\"name\":\"Home\",\"item\":\"https:\/\/mmrconsultant.co.uk\/\"},{\"@type\":\"ListItem\",\"position\":2,\"name\":\"Tax services Marbella\"}]},{\"@type\":\"WebSite\",\"@id\":\"https:\/\/mmrconsultant.co.uk\/#website\",\"url\":\"https:\/\/mmrconsultant.co.uk\/\",\"name\":\"MMR Consultant\",\"description\":\"Marbella Taxes and Law\",\"potentialAction\":[{\"@type\":\"SearchAction\",\"target\":{\"@type\":\"EntryPoint\",\"urlTemplate\":\"https:\/\/mmrconsultant.co.uk\/?s={search_term_string}\"},\"query-input\":{\"@type\":\"PropertyValueSpecification\",\"valueRequired\":true,\"valueName\":\"search_term_string\"}}],\"inLanguage\":\"nb-NO\"}]}<\/script>\n<!-- \/ Yoast SEO plugin. -->","yoast_head_json":{"title":"Tax services in Marbella - Expert advice & consultant","description":"Looking for tax advice in Marbella? We offer tailored tax services for residents & non-residents. Speak to a trusted tax consultant today!","robots":{"index":"index","follow":"follow","max-snippet":"max-snippet:-1","max-image-preview":"max-image-preview:large","max-video-preview":"max-video-preview:-1"},"canonical":"https:\/\/mmrconsultant.co.uk\/no\/tax-services-marbella\/","og_locale":"nb_NO","og_type":"article","og_title":"Tax services in Marbella - Expert advice & consultant","og_description":"Looking for tax advice in Marbella? We offer tailored tax services for residents & non-residents. Speak to a trusted tax consultant today!","og_url":"https:\/\/mmrconsultant.co.uk\/no\/tax-services-marbella\/","og_site_name":"MMR Consultant","article_modified_time":"2026-02-02T15:00:36+00:00","og_image":[{"width":1475,"height":1066,"url":"https:\/\/mmrconsultant.co.uk\/wp-content\/uploads\/2025\/11\/image22.webp","type":"image\/webp"}],"twitter_card":"summary_large_image","twitter_misc":{"Ansl. lesetid":"3 minutter"},"schema":{"@context":"https:\/\/schema.org","@graph":[{"@type":"WebPage","@id":"https:\/\/mmrconsultant.co.uk\/tax-services-marbella\/","url":"https:\/\/mmrconsultant.co.uk\/tax-services-marbella\/","name":"Tax services in Marbella - Expert advice & consultant","isPartOf":{"@id":"https:\/\/mmrconsultant.co.uk\/#website"},"primaryImageOfPage":{"@id":"https:\/\/mmrconsultant.co.uk\/tax-services-marbella\/#primaryimage"},"image":{"@id":"https:\/\/mmrconsultant.co.uk\/tax-services-marbella\/#primaryimage"},"thumbnailUrl":"https:\/\/mmrconsultant.co.uk\/wp-content\/uploads\/2025\/11\/image22-768x555.webp","datePublished":"2026-02-02T14:57:38+00:00","dateModified":"2026-02-02T15:00:36+00:00","description":"Looking for tax advice in Marbella? We offer tailored tax services for residents & non-residents. Speak to a trusted tax consultant today!","breadcrumb":{"@id":"https:\/\/mmrconsultant.co.uk\/tax-services-marbella\/#breadcrumb"},"inLanguage":"nb-NO","potentialAction":[{"@type":"ReadAction","target":["https:\/\/mmrconsultant.co.uk\/tax-services-marbella\/"]}]},{"@type":"ImageObject","inLanguage":"nb-NO","@id":"https:\/\/mmrconsultant.co.uk\/tax-services-marbella\/#primaryimage","url":"https:\/\/mmrconsultant.co.uk\/wp-content\/uploads\/2025\/11\/image22-768x555.webp","contentUrl":"https:\/\/mmrconsultant.co.uk\/wp-content\/uploads\/2025\/11\/image22-768x555.webp"},{"@type":"BreadcrumbList","@id":"https:\/\/mmrconsultant.co.uk\/tax-services-marbella\/#breadcrumb","itemListElement":[{"@type":"ListItem","position":1,"name":"Home","item":"https:\/\/mmrconsultant.co.uk\/"},{"@type":"ListItem","position":2,"name":"Tax services Marbella"}]},{"@type":"WebSite","@id":"https:\/\/mmrconsultant.co.uk\/#website","url":"https:\/\/mmrconsultant.co.uk\/","name":"MMR Consultant","description":"Marbella Taxes and Law","potentialAction":[{"@type":"SearchAction","target":{"@type":"EntryPoint","urlTemplate":"https:\/\/mmrconsultant.co.uk\/?s={search_term_string}"},"query-input":{"@type":"PropertyValueSpecification","valueRequired":true,"valueName":"search_term_string"}}],"inLanguage":"nb-NO"}]}},"_links":{"self":[{"href":"https:\/\/mmrconsultant.co.uk\/no\/wp-json\/wp\/v2\/pages\/4186","targetHints":{"allow":["GET"]}}],"collection":[{"href":"https:\/\/mmrconsultant.co.uk\/no\/wp-json\/wp\/v2\/pages"}],"about":[{"href":"https:\/\/mmrconsultant.co.uk\/no\/wp-json\/wp\/v2\/types\/page"}],"author":[{"embeddable":true,"href":"https:\/\/mmrconsultant.co.uk\/no\/wp-json\/wp\/v2\/users\/1"}],"replies":[{"embeddable":true,"href":"https:\/\/mmrconsultant.co.uk\/no\/wp-json\/wp\/v2\/comments?post=4186"}],"version-history":[{"count":4,"href":"https:\/\/mmrconsultant.co.uk\/no\/wp-json\/wp\/v2\/pages\/4186\/revisions"}],"predecessor-version":[{"id":4190,"href":"https:\/\/mmrconsultant.co.uk\/no\/wp-json\/wp\/v2\/pages\/4186\/revisions\/4190"}],"wp:attachment":[{"href":"https:\/\/mmrconsultant.co.uk\/no\/wp-json\/wp\/v2\/media?parent=4186"}],"curies":[{"name":"wp","href":"https:\/\/api.w.org\/{rel}","templated":true}]}}